{"id":8426,"date":"2020-10-01T12:16:10","date_gmt":"2020-10-01T10:16:10","guid":{"rendered":"https:\/\/ru.law\/?page_id=8426"},"modified":"2024-11-04T10:08:21","modified_gmt":"2024-11-04T09:08:21","slug":"agb","status":"publish","type":"page","link":"https:\/\/ru.law\/nl\/agb\/","title":{"rendered":"Algemene voorwaarden"},"content":{"rendered":"<div class=\"wp-block-uagb-container uagb-block-ab00c0c5 alignfull uagb-is-root-container\"><div class=\"uagb-container-inner-blocks-wrap\">\n<div class=\"wp-block-columns is-layout-flex wp-container-core-columns-is-layout-28f84493 wp-block-columns-is-layout-flex\">\n<div class=\"wp-block-column is-layout-flow wp-block-column-is-layout-flow\">\n<h1 class=\"wp-block-heading ghostkit-custom-SzIX5\" id=\"h-allgemeine-mandatsbedingungen-fur-die-ubernahme-von-mandaten-als-rechtsanwalt\">Algemene voorwaarden voor het aanvaarden van opdrachten als advocaat<\/h1>\n\n\n\n<p><strong>1. Mandaat, opname algemene voorwaarden<\/strong><\/p>\n\n\n\n<p>1.1 Deze algemene voorwaarden van opdracht maken deel uit van alle overeenkomsten tussen Rogert &amp; Ulbrich Rechtsanw\u00e4lte in Partnerschaft mbB (hierna: R&amp;U) en haar cli\u00ebnten (hierna: cli\u00ebnten) die betrekking hebben op juridisch advies en\/of vertegenwoordiging (deze overeenkomsten worden hierna \u201copdrachten\u201d genoemd). Het opnemen van andere algemene voorwaarden \u2013 in het bijzonder die van de opdrachtgever \u2013 in de opdracht wordt uitdrukkelijk van de hand gewezen.<\/p>\n\n\n\n<p>1.2 In de regel wordt de opdracht aan R&amp;U verleend door het ondertekenen van een volmacht in tekstvorm of door het sluiten van een beloningsovereenkomst. Mandaten kunnen echter ook mondeling of impliciet worden gegeven<\/p>\n\n\n\n<p>1.3 R&amp;U behoudt zich echter het recht voor om een mandaat te weigeren, ook nadat de volmacht is ondertekend. De afwijzing moet binnen een redelijke termijn, doorgaans een week, aan de opdrachtgever worden meegedeeld.<br><\/p>\n\n\n\n<p><strong>2. Omvang en uitvoering van de opdracht\/het mandaat<br><\/strong><br>2.1 De omvang van de door de maatschap te verlenen dienstverlening wordt steeds bepaald door de individuele geplaatste opdracht. De toekenning van een opdracht aan een advocaat houdt niet in dat er belastingadvies wordt verstrekt.<\/p>\n\n\n\n<p>2.2 De opdracht wordt uitgevoerd met inachtneming van de beginselen van behoorlijk beroepsgedrag en de beroepsregels. De maatschap is verantwoordelijk voor het aanstellen van de griffier. De griffier gaat ervan uit dat de door de cli\u00ebnt verstrekte gegevens, met name de cijfers en documenten, juist zijn. Indien de verstrekte gegevens nadien wijzigen, is de opdrachtgever verplicht dit ongevraagd te melden. Indien de griffier onjuistheden constateert in de door de cli\u00ebnt verstrekte gegevens, is de cli\u00ebnt verplicht om opheldering te verschaffen. De griffier zal geen kennelijk onjuiste gegevens aan derden verstrekken.<\/p>\n\n\n\n<p>De controle op de juistheid, volledigheid en juistheid van de verstrekte bescheiden en cijfers, in het bijzonder de boekhouding en de balans, behoort slechts tot de opdracht indien dit schriftelijk en afzonderlijk is overeengekomen.<\/p>\n\n\n\n<p>2.3 Zonder een bijzondere, schriftelijk bevestigde opdracht is de griffier niet verplicht ongeordende bundels met beslagen\/verzamelingen van documenten te inspecteren en de juridische of fiscale relevantie ervan te controleren, tenzij de cli\u00ebnt hier vooraf schriftelijk om heeft verzocht en op de noodzaak van de inspectie heeft gewezen, tenzij de opdracht uitdrukkelijk de inspectie en verificatie vanuit elk juridisch oogpunt omvat.<\/p>\n\n\n\n<p>2.4 Telefonisch verstrekte inlichtingen en opdrachten zijn pas bindend na schriftelijke bevestiging.<br><\/p>\n\n\n\n<p><strong>3. Honorarium, vooruitbetaling, verrekeningsbeperking<br><\/strong><br>3.1 Bij gebreke van een beloningsregeling die is toegestaan op grond van artikel 4 RVG, worden de honoraria van R&amp;U in principe berekend overeenkomstig de bepalingen van de Wet honorering advocaten (RVG). Houd er rekening mee dat de kosten die op grond van de RVG in rekening worden gebracht, gebaseerd zijn op de waarde van de zaak.<\/p>\n\n\n\n<p>3.2 De Cli\u00ebnt is de enige schuldenaar van de vergoedingsvorderingen van de Maatschap. Het bestaan van een rechtsbijstandverzekering of een overeenkomst voor procesfinanciering verandert hier niets aan. Het mandaat in de hoofdgedingen houdt geen mandaat in tot het innen van vorderingen die voortvloeien uit de overeenkomst tot rechtsbijstandverzekering of de overeenkomst tot procesfinanciering. Dit geldt ook indien de volmacht tevens werkzaamheden jegens de rechtsbijstandverzekeraar omvat. Indien een dergelijke activiteit moet worden opgedragen, is een expliciete opdracht vereist. Deze opdracht moet door de vennootschap worden geaccepteerd, voordat de opdracht in werking kan treden. Hiervoor kunnen aparte kosten in rekening worden gebracht.<\/p>\n\n\n\n<p>3.3 R&amp;U maakt onder voorbehoud bezwaar tegen een opdracht en een cessie binnen de opdracht. Dit geldt in het bijzonder voor de beschikking onder voorbehoud van het verlenen van een dekkingsverbintenis door een rechtsbijstandverzekeraar. Het indienen van een dekkingsverzoek door R&amp;U wijzigt de debiteurenstatus van de cli\u00ebnt en de klant niet.<\/p>\n\n\n\n<p>3.4 R&amp;U kan bij het verstrekken van de opdracht een passend voorschot op de te verwachten vergoeding en onkosten verlangen door toezending van een overeenkomstige factuur en de aanvang of voortzetting van de activiteit afhankelijk stellen van de betaling van dit voorschot.<\/p>\n\n\n\n<p>3.5 De opdrachtgever is slechts gerechtigd tot verrekening met een vordering van R&amp;U indien de vordering van de opdrachtgever schriftelijk is erkend dan wel in rechte is vastgesteld.<\/p>\n\n\n\n<p><strong>4. Informatie van de klant<br><\/strong><br>4.1 De klant moet R&amp;U in de regel schriftelijk informeren; Indien overhandiging van documenten noodzakelijk is, worden in beginsel alleen kopie\u00ebn overhandigd; Het verzoek van R&amp;U om originelen kan ook mondeling worden gedaan.<\/p>\n\n\n\n<p>4.2 De opdrachtgever is verplicht alle aan hem toegezonden stukken zorgvuldig te lezen en zijn op- en aanmerkingen zo spoedig mogelijk schriftelijk of in tekstvorm aan R&amp;U te doen toekomen.<\/p>\n\n\n\n<p>4.3 De opdrachtgever heeft een contractuele verplichting tot medewerking. Indien van de maatschap documenten, andere gegevens of inlichtingen worden opgevraagd, dienen deze onverwijld te worden verstrekt. Indien dit niet mogelijk is, zal de opdrachtgever zich inspannen om alsnog de relevante documenten\/gegevens\/informatie te verkrijgen. Indien het ontbreken van documenten\/informatie\/gegevens ondanks een verzoek tot procedurele of andere nadelen leidt, zijn de maatschap en de griffier daarvoor niet aansprakelijk.<br><\/p>\n\n\n\n<p><strong>5. Herstel van gebreken<br><\/strong><br>5.1 Indien de werkzaamheden van de maatschap, een maat of een andere medewerker gebrekkig zijn, dient de opdrachtgever de maatschap en de maatschap in de gelegenheid te stellen de gebreken te herstellen.<br>Kennelijke onjuistheden (bijvoorbeeld typefouten, rekenfouten) kunnen door de maatschap te allen tijde worden gecorrigeerd, ook aan derden.<\/p>\n\n\n\n<p>5.2 De maatschap en de klerk kunnen met toestemming van de opdrachtgever ook andere gebreken aan derden herstellen. Toestemming is niet vereist indien de gerechtvaardigde belangen van de maatschap, de verwerkingspartner of de griffier zwaarder wegen dan de belangen van de cli\u00ebnt.<\/p>\n\n\n\n<p><strong>6. Opslag, vrijgave en bewaring van werkresultaten en documenten<br><\/strong><br>6.1 De maatschap houdt het dossier van de advocaat digitaal\/elektronisch bij. De administratie moet de dossiers bewaren overeenkomstig de wettelijke voorschriften. Deze verplichting vervalt echter v\u00f3\u00f3r het verstrijken van deze termijn indien de advocaat de cli\u00ebnt schriftelijk heeft verzocht het dossier in ontvangst te nemen en de cli\u00ebnt aan dit verzoek niet binnen 6 weken na ontvangst ervan heeft voldaan.<\/p>\n\n\n\n<p>6.2 Tot de dossiers in de zin van deze bepaling behoren alle stukken die de advocaat in het kader van zijn beroepswerkzaamheden van of namens de cli\u00ebnt heeft ontvangen. Dit geldt echter niet voor de correspondentie tussen de advocaat en zijn cli\u00ebnt, noch voor de stukken die laatstgenoemde reeds in origineel of in kopie heeft ontvangen, noch voor werkdocumenten die voor interne doeleinden zijn opgesteld.<\/p>\n\n\n\n<p>6.3 Op verzoek van de cli\u00ebnt, uiterlijk na be\u00ebindiging van de opdracht, zal de advocaat de aan hem ter beschikking gestelde stukken binnen een redelijke termijn aan de cli\u00ebnt retourneren, tenzij elektronische toegang tot deze stukken reeds bestaat of bestond. De advocaat mag kopie\u00ebn of fotokopie\u00ebn van documenten maken en bewaren, die hij aan de cli\u00ebnt teruggeeft.<\/p>\n\n\n\n<p>6.4 De advocaat mag weigeren de resultaten van zijn werkzaamheden en het dossier openbaar te maken, zolang hij niet heeft betaald voor zijn honorarium en kosten. Dit geldt niet indien de inhouding onder de gegeven omstandigheden in strijd zou zijn met de goede trouw, met name vanwege het relatief onbeduidende karakter van de verschuldigde bedragen.<br><\/p>\n\n\n\n<p><strong>7. Vertrouwelijkheid<br><\/strong><br>7.1 R&amp;U is verplicht tot geheimhouding van alle informatie van de Opdrachtgever waarvan R&amp;U in het kader van de opdracht kennisneemt, behoudens voor zover het feiten betreft die voor de hand liggen of die naar hun aard geen geheimhouding behoeven.<\/p>\n\n\n\n<p>7.2 Door het verstrekken van een opdracht aan R&amp;U verleent de opdrachtgever toestemming om feiten die onder het geheimhoudingsbeginsel vallen, aan derden bekend te maken, voor zover dit in het kader van de normale bedrijfsvoering noodzakelijk is voor de correcte uitvoering van de opdracht; Hieronder valt ook het doorgeven van alle onder de geheimhoudingsplicht vallende gegevens aan niet-juridische medewerkers en freelance medewerkers van RU, voor zover zij zelf door R&amp;U tot geheimhouding zijn verplicht.<br><\/p>\n\n\n\n<p><strong>8. Aansprakelijkheid \/ Verzekering<br><\/strong><br>Indien de opdrachtgever over de dienstverlening van R&amp;U klaagt of als gevolg van de dienstverlening van R&amp;U directe schade heeft geleden, dient hij R&amp;U daarvan binnen een redelijke termijn nadat hij de schade heeft ontdekt, op de hoogte te stellen. De klacht dient echter uiterlijk \u00e9\u00e9n jaar na be\u00ebindiging van het betreffende mandaat bij R&amp;U te worden gemeld. In een dergelijk geval wordt overeengekomen dat de vordering van de cli\u00ebnt tot schadevergoeding voor schade veroorzaakt door nalatigheid beperkt is tot EUR 5.000.000 (zegge: vijf miljoen euro). R&amp;U heeft voor dit bedrag een vermogensschadeverzekering afgesloten. Indien de cli\u00ebnt van mening is dat een zaak een hoger beveiligingsniveau vereist, dienen er voorafgaand aan de verwerking speciale afspraken te worden gemaakt. De kosten voor de hogere dekking zijn dan voor rekening van de cli\u00ebnt.<br><\/p>\n\n\n\n<p><strong>9. Toewijzingsbeperking<br><\/strong><br>9.1 De rechten die de opdrachtgever toekomen uit hoofde van de opdrachtrelatie, zijn niet overdraagbaar zonder voorafgaande schriftelijke toestemming van R&amp;U.<\/p>\n\n\n\n<p>9.2 De aanspraken van R&amp;U op vergoeding van beloning en kostenvergoeding zijn in de regel alleen overdraagbaar aan advocaten als derden; in het geval van een juridisch bindende claim, een vruchteloze poging tot handhaving of de <strong>uitdrukkelijke voorafgaande toestemming van de cli\u00ebnt<\/strong> ook aan derden die niet als advocaat zijn toegelaten.<\/p>\n\n\n\n<p><strong>10. Schriftelijke vorm<br><\/strong><br>10.1 Aanvullingen of wijzigingen op deze Algemene Opdrachtvoorwaarden, daaronder begrepen afwijkingen binnen de reikwijdte van een opdracht, dienen schriftelijk te worden overeengekomen om van kracht te zijn.<\/p>\n\n\n\n<p>10.2 Dit geldt ook voor eventuele wijzigingen in deze schriftelijke vormvereiste.<br><\/p>\n\n\n\n<p><strong>11. Elektronische correspondentie, gegevensopslag<br><\/strong><br>11.1 De Klant is zich ervan bewust dat de gegevensbeveiliging bij gebruik van elektronische media, in het bijzonder bij berichten die per e-mail en internet worden verzonden, niet volledig kan worden gegarandeerd en dat brieven, documenten en mededelingen die op deze wijze worden verzonden, niet of slechts door middel van onderling overeengekomen beschermingsmaatregelen effectief kunnen worden beschermd tegen toegang door onbevoegde derden en daarmee tegen misbruik. Door het verstrekken van het mandaat gaat de cli\u00ebnt ermee akkoord dat de communicatie met de advocaat alsnog elektronisch zal plaatsvinden. Indien dit niet het geval is, dient er een schriftelijke overeenkomst te worden gemaakt.<\/p>\n\n\n\n<p>11.2 De ingeschakelde advocaten en de maatschap aanvaarden geen enkele aansprakelijkheid voor de toegankelijkheid, volledigheid, juistheid en tijdige ontvangst van de door hen langs deze weg verzonden mededelingen. Indien de cli\u00ebnt dit transmissiekanaal gebruikt om te communiceren met de aangewezen advocaten, stemt hij of zij er impliciet mee in om het corresponderende communicatiekanaal te blijven gebruiken. De maatschap slaat de persoonsgegevens van de klant op als klantenstamgegevens en factuurgegevens, indien nodig in het kader van het elektronisch bestandsbeheer of als boekhoudgegevens en kan deze in het kader van de orderuitvoering ook aan derden doorgeven.<\/p>\n\n\n\n<p>11.3 Het verwijderen van gegevens die onder de bewaarplicht vallen binnen de wettelijke bewaartermijnen, is niet mogelijk.<br><\/p>\n\n\n\n<p><strong>12. Plaats van uitvoering, bevoegde rechtbank, toepasselijk recht<br><\/strong><br>12.1 Plaats van uitvoering en exclusieve bevoegde rechtbank is de statutaire zetel van de vennootschap in D\u00fcsseldorf. Dit geldt alleen als de klant een handelaar is.<\/p>\n\n\n\n<p>12.2 Hetzelfde geldt indien de opdrachtgever in Duitsland geen algemene bevoegde rechtbank heeft in de zin van het Wetboek van Burgerlijke Rechtsvordering (ZPO).<\/p>\n\n\n\n<p>12.3 Hetzelfde geldt indien de opdrachtgever na het sluiten van de overeenkomst zijn woon- of verblijfplaats buiten de reikwijdte van het Wetboek van Burgerlijke Rechtsvordering verhuist of indien zijn woon- of verblijfplaats op het moment van het instellen van de vordering niet bekend zijn. Deze plaats van jurisdictie wordt eveneens overeengekomen voor geschillen die voortvloeien uit cheques en wissels die aan R&amp;U ter inning zijn afgegeven.<\/p>\n\n\n\n<p>12.4 Op alle opdrachten is uitsluitend het Duitse recht van toepassing.<br><\/p>\n\n\n\n<p><strong>13. Effectiviteit bij gedeeltelijke invaliditeit<br><\/strong><br>13.1 Indien afzonderlijke bepalingen van deze Algemene Voorwaarden nietig zijn of worden, wordt de geldigheid van de overige bepalingen hierdoor niet aangetast.<\/p>\n\n\n\n<p>13.2 De nietige bepaling wordt vervangen door een geldige bepaling die het beoogde doel zo dicht mogelijk benadert.<br><\/p>\n\n\n\n<p><strong>14. Geldigheid van afwijkende voorwaarden<br><\/strong><br>14.1 Algemene voorwaarden, inkoop- en betalingsvoorwaarden of afwijkende forumkeuzes van de opdrachtgever hebben geen werking.<\/p>\n\n\n\n<p>14.2 De inhoud van verweerclausules wordt uitdrukkelijk tegengesproken.<\/p>\n\n\n\n<p class=\"has-text-align-right ghostkit-custom-Z1cRtKx has-small-font-size\">Status: 05.09.2024 \u00a9 Rogert &amp; Ulbrich Advocatenkantoor in Partnerschap mbB<\/p>\n<\/div>\n<\/div>\n<\/div><\/div>","protected":false},"excerpt":{"rendered":"<p>Allgemeine Mandatsbedingungen f\u00fcr die \u00dcbernahme von Mandaten als Rechtsanwalt 1. Mandatierung, Einbeziehung von AGB 1.1 Diese Allgemeinen Mandatsbedingungen werden Bestandteil s\u00e4mtlicher Vertr\u00e4ge zwischen Rogert &amp; [&hellip;]<\/p>\n","protected":false},"author":2,"featured_media":0,"parent":0,"menu_order":0,"comment_status":"closed","ping_status":"closed","template":"","meta":{"_uag_custom_page_level_css":"","site-sidebar-layout":"default","site-content-layout":"default","ast-site-content-layout":"default","site-content-style":"default","site-sidebar-style":"default","ast-global-header-display":"","ast-banner-title-visibility":"","ast-main-header-display":"","ast-hfb-above-header-display":"","ast-hfb-below-header-display":"","ast-hfb-mobile-header-display":"","site-post-title":"disabled","ast-breadcrumbs-content":"","ast-featured-img":"disabled","footer-sml-layout":"","ast-disable-related-posts":"","theme-transparent-header-meta":"default","adv-header-id-meta":"","stick-header-meta":"","header-above-stick-meta":"","header-main-stick-meta":"","header-below-stick-meta":"","astra-migrate-meta-layouts":"set","ast-page-background-enabled":"default","ast-page-background-meta":{"desktop":{"background-color":"","background-image":"","background-repeat":"repeat","background-position":"center center","background-size":"auto","background-attachment":"scroll","background-type":"","background-media":"","overlay-type":"","overlay-color":"","overlay-opacity":"","overlay-gradient":""},"tablet":{"background-color":"","background-image":"","background-repeat":"repeat","background-position":"center center","background-size":"auto","background-attachment":"scroll","background-type":"","background-media":"","overlay-type":"","overlay-color":"","overlay-opacity":"","overlay-gradient":""},"mobile":{"background-color":"","background-image":"","background-repeat":"repeat","background-position":"center center","background-size":"auto","background-attachment":"scroll","background-type":"","background-media":"","overlay-type":"","overlay-color":"","overlay-opacity":"","overlay-gradient":""}},"ast-content-background-meta":{"desktop":{"background-color":"var(--ast-global-color-5)","background-image":"","background-repeat":"repeat","background-position":"center center","background-size":"auto","background-attachment":"scroll","background-type":"","background-media":"","overlay-type":"","overlay-color":"","overlay-opacity":"","overlay-gradient":""},"tablet":{"background-color":"var(--ast-global-color-5)","background-image":"","background-repeat":"repeat","background-position":"center center","background-size":"auto","background-attachment":"scroll","background-type":"","background-media":"","overlay-type":"","overlay-color":"","overlay-opacity":"","overlay-gradient":""},"mobile":{"background-color":"var(--ast-global-color-5)","background-image":"","background-repeat":"repeat","background-position":"center center","background-size":"auto","background-attachment":"scroll","background-type":"","background-media":"","overlay-type":"","overlay-color":"","overlay-opacity":"","overlay-gradient":""}},"footnotes":""},"class_list":["post-8426","page","type-page","status-publish","hentry"],"yoast_head":"<!-- This site is optimized with the Yoast SEO Premium plugin v27.4 (Yoast SEO v27.4) - https:\/\/yoast.com\/product\/yoast-seo-premium-wordpress\/ -->\n<title>Kanzlei AGB - Allgemeine Mandatsbedingungen - R&amp;U<\/title>\n<meta name=\"description\" content=\"Hier finden Sie die AGB unserer Kanzlei - Allgemeine Mandatsbedingungen f\u00fcr die \u00dcbernahme von Mandaten als Rechtsanwalt. Jetzt informieren!\" \/>\n<meta name=\"robots\" content=\"index, follow, max-snippet:-1, max-image-preview:large, max-video-preview:-1\" \/>\n<link rel=\"canonical\" href=\"https:\/\/ru.law\/nl\/agb\/\" \/>\n<meta property=\"og:locale\" content=\"nl_NL\" \/>\n<meta property=\"og:type\" content=\"article\" \/>\n<meta property=\"og:title\" content=\"AGB\" \/>\n<meta property=\"og:description\" content=\"Hier finden Sie die AGB unserer Kanzlei - Allgemeine Mandatsbedingungen f\u00fcr die \u00dcbernahme von Mandaten als Rechtsanwalt. Jetzt informieren!\" \/>\n<meta property=\"og:url\" content=\"https:\/\/ru.law\/nl\/agb\/\" \/>\n<meta property=\"og:site_name\" content=\"R&amp;U\" \/>\n<meta property=\"article:publisher\" content=\"https:\/\/www.facebook.com\/RogertUlbrich\/\" \/>\n<meta property=\"article:modified_time\" content=\"2024-11-04T09:08:21+00:00\" \/>\n<meta name=\"twitter:card\" content=\"summary_large_image\" \/>\n<meta name=\"twitter:site\" content=\"@RogertUlbrich\" \/>\n<script type=\"application\/ld+json\" class=\"yoast-schema-graph\">{\"@context\":\"https:\\\/\\\/schema.org\",\"@graph\":[{\"@type\":\"WebPage\",\"@id\":\"https:\\\/\\\/ru.law\\\/agb\\\/\",\"url\":\"https:\\\/\\\/ru.law\\\/agb\\\/\",\"name\":\"Kanzlei AGB - Allgemeine Mandatsbedingungen - R&amp;U\",\"isPartOf\":{\"@id\":\"https:\\\/\\\/ru.law\\\/#website\"},\"datePublished\":\"2020-10-01T10:16:10+00:00\",\"dateModified\":\"2024-11-04T09:08:21+00:00\",\"description\":\"Hier finden Sie die AGB unserer Kanzlei - Allgemeine Mandatsbedingungen f\u00fcr die \u00dcbernahme von Mandaten als Rechtsanwalt. Jetzt informieren!\",\"breadcrumb\":{\"@id\":\"https:\\\/\\\/ru.law\\\/agb\\\/#breadcrumb\"},\"inLanguage\":\"nl-NL\",\"potentialAction\":[{\"@type\":\"ReadAction\",\"target\":[\"https:\\\/\\\/ru.law\\\/agb\\\/\"]}]},{\"@type\":\"BreadcrumbList\",\"@id\":\"https:\\\/\\\/ru.law\\\/agb\\\/#breadcrumb\",\"itemListElement\":[{\"@type\":\"ListItem\",\"position\":1,\"name\":\"Startseite\",\"item\":\"https:\\\/\\\/ru.law\\\/\"},{\"@type\":\"ListItem\",\"position\":2,\"name\":\"AGB\"}]},{\"@type\":\"WebSite\",\"@id\":\"https:\\\/\\\/ru.law\\\/#website\",\"url\":\"https:\\\/\\\/ru.law\\\/\",\"name\":\"R&U\",\"description\":\"Verbraucheranw\u00e4lte\",\"publisher\":{\"@id\":\"https:\\\/\\\/ru.law\\\/#organization\"},\"alternateName\":\"Rogert & Ulbrich\",\"potentialAction\":[{\"@type\":\"SearchAction\",\"target\":{\"@type\":\"EntryPoint\",\"urlTemplate\":\"https:\\\/\\\/ru.law\\\/?s={search_term_string}\"},\"query-input\":{\"@type\":\"PropertyValueSpecification\",\"valueRequired\":true,\"valueName\":\"search_term_string\"}}],\"inLanguage\":\"nl-NL\"},{\"@type\":\"Organization\",\"@id\":\"https:\\\/\\\/ru.law\\\/#organization\",\"name\":\"Kanzlei Rogert & Ulbrich\",\"url\":\"https:\\\/\\\/ru.law\\\/\",\"logo\":{\"@type\":\"ImageObject\",\"inLanguage\":\"nl-NL\",\"@id\":\"https:\\\/\\\/ru.law\\\/#\\\/schema\\\/logo\\\/image\\\/\",\"url\":\"https:\\\/\\\/ru.law\\\/wp-content\\\/uploads\\\/2020\\\/12\\\/logo-ru-law.svg\",\"contentUrl\":\"https:\\\/\\\/ru.law\\\/wp-content\\\/uploads\\\/2020\\\/12\\\/logo-ru-law.svg\",\"width\":992,\"height\":259,\"caption\":\"Kanzlei Rogert & Ulbrich\"},\"image\":{\"@id\":\"https:\\\/\\\/ru.law\\\/#\\\/schema\\\/logo\\\/image\\\/\"},\"sameAs\":[\"https:\\\/\\\/www.facebook.com\\\/RogertUlbrich\\\/\",\"https:\\\/\\\/x.com\\\/RogertUlbrich\",\"https:\\\/\\\/www.instagram.com\\\/rogertulbrich\\\/\",\"https:\\\/\\\/www.linkedin.com\\\/company\\\/rogert-ulbrich\\\/\",\"https:\\\/\\\/www.youtube.com\\\/channel\\\/UCganCgpvwpPFqMFf1vVmG2A\"]}]}<\/script>\n<!-- \/ Yoast SEO Premium plugin. -->","yoast_head_json":{"title":"Algemene voorwaarden advocatenkantoor - Algemene voorwaarden voor dienstverlening - R&amp;U","description":"Hier vindt u de algemene voorwaarden van ons advocatenkantoor \u2013 de algemene voorwaarden voor het aannemen van juridische opdrachten. Lees er nu meer over!","robots":{"index":"index","follow":"follow","max-snippet":"max-snippet:-1","max-image-preview":"max-image-preview:large","max-video-preview":"max-video-preview:-1"},"canonical":"https:\/\/ru.law\/nl\/agb\/","og_locale":"nl_NL","og_type":"article","og_title":"AGB","og_description":"Hier finden Sie die AGB unserer Kanzlei - Allgemeine Mandatsbedingungen f\u00fcr die \u00dcbernahme von Mandaten als Rechtsanwalt. Jetzt informieren!","og_url":"https:\/\/ru.law\/nl\/agb\/","og_site_name":"R&amp;U","article_publisher":"https:\/\/www.facebook.com\/RogertUlbrich\/","article_modified_time":"2024-11-04T09:08:21+00:00","twitter_card":"summary_large_image","twitter_site":"@RogertUlbrich","schema":{"@context":"https:\/\/schema.org","@graph":[{"@type":"WebPage","@id":"https:\/\/ru.law\/agb\/","url":"https:\/\/ru.law\/agb\/","name":"Algemene voorwaarden advocatenkantoor - Algemene voorwaarden voor dienstverlening - R&amp;U","isPartOf":{"@id":"https:\/\/ru.law\/#website"},"datePublished":"2020-10-01T10:16:10+00:00","dateModified":"2024-11-04T09:08:21+00:00","description":"Hier vindt u de algemene voorwaarden van ons advocatenkantoor \u2013 de algemene voorwaarden voor het aannemen van juridische opdrachten. Lees er nu meer over!","breadcrumb":{"@id":"https:\/\/ru.law\/agb\/#breadcrumb"},"inLanguage":"nl-NL","potentialAction":[{"@type":"ReadAction","target":["https:\/\/ru.law\/agb\/"]}]},{"@type":"BreadcrumbList","@id":"https:\/\/ru.law\/agb\/#breadcrumb","itemListElement":[{"@type":"ListItem","position":1,"name":"Startseite","item":"https:\/\/ru.law\/"},{"@type":"ListItem","position":2,"name":"AGB"}]},{"@type":"WebSite","@id":"https:\/\/ru.law\/#website","url":"https:\/\/ru.law\/","name":"R&amp;U","description":"Consumentenadvocaten","publisher":{"@id":"https:\/\/ru.law\/#organization"},"alternateName":"Rogert & Ulbrich","potentialAction":[{"@type":"SearchAction","target":{"@type":"EntryPoint","urlTemplate":"https:\/\/ru.law\/?s={search_term_string}"},"query-input":{"@type":"PropertyValueSpecification","valueRequired":true,"valueName":"search_term_string"}}],"inLanguage":"nl-NL"},{"@type":"Organization","@id":"https:\/\/ru.law\/#organization","name":"Advocatenkantoor Rogert &amp; Ulbrich","url":"https:\/\/ru.law\/","logo":{"@type":"ImageObject","inLanguage":"nl-NL","@id":"https:\/\/ru.law\/#\/schema\/logo\/image\/","url":"https:\/\/ru.law\/wp-content\/uploads\/2020\/12\/logo-ru-law.svg","contentUrl":"https:\/\/ru.law\/wp-content\/uploads\/2020\/12\/logo-ru-law.svg","width":992,"height":259,"caption":"Kanzlei Rogert & Ulbrich"},"image":{"@id":"https:\/\/ru.law\/#\/schema\/logo\/image\/"},"sameAs":["https:\/\/www.facebook.com\/RogertUlbrich\/","https:\/\/x.com\/RogertUlbrich","https:\/\/www.instagram.com\/rogertulbrich\/","https:\/\/www.linkedin.com\/company\/rogert-ulbrich\/","https:\/\/www.youtube.com\/channel\/UCganCgpvwpPFqMFf1vVmG2A"]}]}},"uagb_featured_image_src":{"full":false,"thumbnail":false,"medium":false,"medium_large":false,"large":false,"1536x1536":false,"2048x2048":false,"trp-custom-language-flag":false},"uagb_author_info":{"display_name":"Stefan Selge","author_link":"https:\/\/ru.law\/nl\/author\/selge\/"},"uagb_comment_info":0,"uagb_excerpt":"Allgemeine Mandatsbedingungen f\u00fcr die \u00dcbernahme von Mandaten als Rechtsanwalt 1. Mandatierung, Einbeziehung von AGB 1.1 Diese Allgemeinen Mandatsbedingungen werden Bestandteil s\u00e4mtlicher Vertr\u00e4ge zwischen Rogert &amp; [&hellip;]","_links":{"self":[{"href":"https:\/\/ru.law\/nl\/wp-json\/wp\/v2\/pages\/8426","targetHints":{"allow":["GET"]}}],"collection":[{"href":"https:\/\/ru.law\/nl\/wp-json\/wp\/v2\/pages"}],"about":[{"href":"https:\/\/ru.law\/nl\/wp-json\/wp\/v2\/types\/page"}],"author":[{"embeddable":true,"href":"https:\/\/ru.law\/nl\/wp-json\/wp\/v2\/users\/2"}],"replies":[{"embeddable":true,"href":"https:\/\/ru.law\/nl\/wp-json\/wp\/v2\/comments?post=8426"}],"version-history":[{"count":0,"href":"https:\/\/ru.law\/nl\/wp-json\/wp\/v2\/pages\/8426\/revisions"}],"wp:attachment":[{"href":"https:\/\/ru.law\/nl\/wp-json\/wp\/v2\/media?parent=8426"}],"curies":[{"name":"wp","href":"https:\/\/api.w.org\/{rel}","templated":true}]}}