{"id":8422,"date":"2020-10-01T12:14:50","date_gmt":"2020-10-01T10:14:50","guid":{"rendered":"https:\/\/ru.law\/?page_id=8422"},"modified":"2026-03-19T11:40:05","modified_gmt":"2026-03-19T10:40:05","slug":"impressum","status":"publish","type":"page","link":"https:\/\/ru.law\/nl\/impressum\/","title":{"rendered":"Impressum"},"content":{"rendered":"<div class=\"wp-block-uagb-container uagb-block-2ed342a9 alignfull uagb-is-root-container\"><div class=\"uagb-container-inner-blocks-wrap\">\n<div class=\"wp-block-columns is-layout-flex wp-container-core-columns-is-layout-28f84493 wp-block-columns-is-layout-flex\">\n<div class=\"wp-block-column is-layout-flow wp-block-column-is-layout-flow\">\n<h1 class=\"wp-block-heading ghostkit-custom-1AKjNV\" id=\"h-impressum\">Impressum<\/h1>\n\n\n\n<p>Deze opdruk geldt ook voor de volgende profielen:<br><a href=\"https:\/\/www.youtube.com\/channel\/UCganCgpvwpPFqMFf1vVmG2A\">https:\/\/www.youtube.com\/channel\/UCganCgpvwpPFqMFf1vVmG2A<\/a><br><a href=\"https:\/\/www.facebook.com\/RogertUlbrich\">https:\/\/www.facebook.com\/RogertUlbrich<\/a><br><a href=\"https:\/\/twitter.com\/RogertUlbrich\" target=\"_blank\" rel=\"noreferrer noopener\">https:\/\/twitter.com\/RogertUlbrich<\/a><br><a href=\"https:\/\/www.instagram.com\/rogertulbrich\/\" target=\"_blank\" rel=\"noreferrer noopener\">https:\/\/www.instagram.com\/rogertulbrich\/<\/a><br><a href=\"https:\/\/www.linkedin.com\/company\/rogert-ulbrich\/\" target=\"_blank\" rel=\"noreferrer noopener\">https:\/\/www.linkedin.com\/company\/rogert-ulbrich\/<\/a><\/p>\n\n\n\n<p>Informatie volgens \u00a7\u00a7 5, 6 DDG. Verantwoordelijke personen in de zin van de DDG zijn:<\/p>\n\n\n\n<p><strong>Rogert &amp; Ulbrich Advocatenkantoor in Partnerschap mbB<\/strong><br>Arrondissementsrechtbank Essen<br>Partnerschapsregister nr.: 1801<br>Dokter Marco Rogert \u00b7 Tobias Ulbrich<br>Niermannsweg 11-15<br>40699 Erkrath<br>Duitsland<br><br>Telefoon: +49 (0)211 \/ 81977805<br>Faxen: +49 (0)211 \/ 81977199<br>E-mailadres: office@ru.law<\/p>\n\n\n\n<p>BTW-identificatienummer: DE 253 595 998<br>Belastingnummer: 106\/5846\/3294<br>Belastingkantoor D\u00fcsseldorf<\/p>\n\n\n\n<p>Advocaat Dr. Marco Rogert, advocaat Tobias Ulbrich, advocaat Laura Heinzen, advocaat Julia Huth, advocaat Christian Peu\u00dfer en advocaat Jessica Steinberg zijn toegelaten tot de balie volgens de wetten van de Bondsrepubliek Duitsland en zijn lid van de Orde van Advocaten van D\u00fcsseldorf, Freiligrathstra\u00dfe 25, 40479 D\u00fcsseldorf Internet: <a href=\"https:\/\/www.rak-dus.de\/\">rak-dus.de<\/a><\/p>\n\n\n\n<p>De kamers zijn ieder een toezichthoudende autoriteit in de zin van de DDG. De juridische beroepstitel volgens de DDG is \u201cRechtsanwalt\/Rechtsanw\u00e4ltin\u201d en werd aan hen toegekend in de Bondsrepubliek Duitsland.<\/p>\n\n\n\n<p>De advocaten Dr. Marco Rogert en Tobias Ulbrich zijn bovendien gespecialiseerde advocaten voor transport- en expeditierecht, die door de Orde van Advocaten in D\u00fcsseldorf worden verleend. Dokter Marco Rogert is bevoegd tot het voeren van de titel &quot;Specialist-advocaat voor bank- en kapitaalmarktrecht&quot; door de Orde van Advocaten van D\u00fcsseldorf. De bijzondere plichten van de gespecialiseerde advocaat, naast de plichten van de advocaat, vloeien voort uit de desbetreffende reglementen voor gespecialiseerde advocaten en zijn te vinden op:&nbsp;<\/p>\n\n\n\n<p><a href=\"https:\/\/www.rak-dus.de\/fuer-mitglieder\/fachanwaltschaften\/\">https:\/\/www.rak-dus.de\/fuer-mitglieder\/fachanwaltschaften\/<\/a><\/p>\n\n\n\n<h3 class=\"wp-block-heading\" id=\"h-berufshaftpflichtversicherung\">beroepsaansprakelijkheidsverzekering<\/h3>\n\n\n\n<p>De Partnergesellschaft mbB is bij ERGO verzekerd conform de wettelijke bepalingen.<\/p>\n\n\n\n<h3 class=\"wp-block-heading\" id=\"h-berufsrechtliche-regelungen\">beroepsvoorschriften<\/h3>\n\n\n\n<p>Federale Advocatenwet (BRAO)<br>beroepsgedragscode (BORA)<br>Wet op de gespecialiseerde advocaten (FAO)<br>Wet beloning advocaten (RVG)<br>Wet op de activiteiten van Europese juristen in Duitsland (EuRAG)<br>Gedragscode voor advocaten van de Europese Unie (CCBE) <br>Beroepssupplementen op de Wet ter voorkoming van witwassen (GwG)<br>Professionele informatieverplichtingen volgens DDG en DL-InfoV<\/p>\n\n\n\n<p>De beroepsregels zijn in het Duits en Engels te raadplegen en te raadplegen op de website van de Bundesanstalt f\u00fcr Bar (www.brak.de) onder het kopje &quot;Beroepsrecht&quot;. Buitengerechtelijke geschillenbeslechting: Geschillen tussen advocaten en hun cli\u00ebnten kunnen op verzoek buitengerechtelijk worden beslecht bij de regionale Orde van Advocaten D\u00fcsseldorf (conform artikel 73 lid 2 nr. 3 juncto artikel 73 lid 5 Bundesanstalt f\u00fcr Barenort) of bij de Orde van Advocaten (artikel 191f Bundesanstalt f\u00fcr Barenort) van de Bundesanstalt f\u00fcr Barenort. Deze zijn online te vinden op de website van de Bundesanstalt f\u00fcr Barenort (www.brak.de) of per e-mail via Schlichtungsstelle@brak.de.<\/p>\n\n\n\n<h3 class=\"wp-block-heading\" id=\"h-die-haftung-fur-inhalte\">Aansprakelijkheid voor inhoud<\/h3>\n\n\n\n<p>Volgens de DDG zijn wij als zogenaamde dienstverleners verantwoordelijk voor onze eigen inhoud op deze website. Als dienstverlener zijn wij echter niet verplicht om doorgegeven of opgeslagen informatie van derden te controleren of te onderzoeken op omstandigheden die duiden op illegale activiteiten. Verplichtingen uit de wet en jurisprudentie om het gebruik van informatie te blokkeren of te verwijderen, blijven hierdoor onverlet. Deze aansprakelijkheid geldt echter pas vanaf het moment waarop wij op de hoogte zijn geraakt van een concrete wetsovertreding of het voor ons mogelijk was daarvan op de hoogte te raken. Indien wij kennis krijgen van dergelijke wetsovertredingen, zullen wij de betreffende inhoud uiteraard onmiddellijk verwijderen.<\/p>\n\n\n\n<h3 class=\"wp-block-heading\" id=\"h-haftung-fur-links\">Aansprakelijkheid voor links<\/h3>\n\n\n\n<p>De aanbiedingen op onze website kunnen zogenaamde links naar (externe) websites van andere aanbieders bevatten. Wij hebben uiteraard geen enkele invloed op de inhoud van dergelijke websites. Wij kunnen en zullen daarom geen enkele aansprakelijkheid aanvaarden voor deze inhoud van derden. Wij wijzen u erop dat voor de inhoud van de gelinkte pagina&#039;s altijd de desbetreffende exploitant of aanbieder van deze site verantwoordelijk is. Uiteraard hebben wij op het moment van linken gecontroleerd of er sprake was van mogelijke wetsovertredingen en hebben wij alleen een link naar de gelinkte pagina geplaatst als wij op dat moment niet op de hoogte waren van een wetsovertreding. Een permanente controle van de inhoud van de gelinkte pagina&#039;s is voor ons echter niet mogelijk en ook niet redelijk zonder concreet bewijs van een wetsovertreding. Mochten wij in de toekomst kennisnemen van eventuele wetsovertredingen op websites waarnaar wij linken, dan zullen wij de link naar de betreffende website uiteraard onmiddellijk verwijderen.<\/p>\n\n\n\n<h3 class=\"wp-block-heading\" id=\"h-urheberrecht\">copyright<\/h3>\n\n\n\n<p>De inhoud en werken die wij op deze site plaatsen, vallen onder het Duitse auteursrecht. Voor de reproductie, bewerking, verspreiding en exploitatie buiten de grenzen van het auteursrecht is daarom de uitdrukkelijke schriftelijke toestemming van de auteur\/maker vereist. Het downloaden en kopi\u00ebren van deze site is toegestaan voor priv\u00e9gebruik, maar niet voor commercieel gebruik. Indien op onze website content wordt gepubliceerd die niet van ons afkomstig is, respecteren wij uiteraard de auteursrechten van derden en hebben wij deze bijvoorbeeld als zodanig gemarkeerd. Mocht u onverhoopt een inbreuk op het auteursrecht ontdekken, dan stellen wij het op prijs als u ons daarvan op de hoogte stelt. Indien wij kennis krijgen van dergelijke wetsovertredingen, zullen wij de betreffende inhoud onmiddellijk verwijderen.<\/p>\n\n\n\n<h3 class=\"wp-block-heading\" id=\"h-copyright-rogert-amp-ulbrich-partnerschaftsgesellschaft-alle-rechte-vorbehalten\"><br>AUTEURSRECHT \u00a9 Rogert &amp; Ulbrich Partnerschaftsgesellschaft. ALLE RECHTEN VOORBEHOUDEN.<\/h3>\n\n\n\n<p>Tenzij anders vermeld, zijn alle informatie, inclusief het ontwerp en de structuur van de schermen en de inhoud ervan, beschermd door auteursrecht. Voor elk gedeeltelijk, commercieel of priv\u00e9gebruik is voorafgaande schriftelijke toestemming vereist. Overtredingen worden civiel- en strafrechtelijk vervolgd. Wij maken hierbij uitdrukkelijk bezwaar tegen het gebruik van de in het kader van onze impressumplicht gepubliceerde contactgegevens door derden (bijv. voor het toesturen van ongevraagde reclame- en informatiematerialen). Indien wij ongevraagd reclame-informatie toesturen, bijvoorbeeld via spam-e-mails, zullen wij juridische stappen ondernemen tegen de afzender.<\/p>\n\n\n\n<p><strong>Informatie over uw herroepingsrecht Indien u online een dienstverleningsovereenkomst met ons advocatenkantoor heeft gesloten, kunt u uw contractverklaring binnen 14 dagen zonder opgave van redenen herroepen door middel van een ondubbelzinnige verklaring. De termijn begint te lopen vanaf het moment dat u deze instructie op een duurzame drager (bijv. brief, fax, e-mail) ontvangt. Om de herroepingstermijn na te leven, volstaat het om de herroeping tijdig te verzenden, indien de verklaring op een duurzame gegevensdrager (bijvoorbeeld brief, fax, e-mail) wordt gedaan.<\/strong><\/p>\n\n\n\n<p><strong>De herroeping moet worden gericht aan: Advocatenkantoor Rogert &amp; Ulbrich, Hammer Stra\u00dfe 26, 40219 D\u00fcsseldorf, Fax: +49 (0)211\/25 03 132, E-mail: office@ru.law<\/strong><\/p>\n\n\n\n<p><strong>Gevolgen van herroeping: Bij een geldige herroeping dienen de tot beide partijen ontvangen diensten te worden geretourneerd. U bent verplicht tot vergoeding van de waarde van de tot het moment van herroeping geleverde dienst, indien u v\u00f3\u00f3r het indienen van uw contractverklaring op de hoogte bent gesteld van dit rechtsgevolg en u er uitdrukkelijk mee akkoord bent gegaan dat wij v\u00f3\u00f3r het einde van de herroepingstermijn met de uitvoering van de prestatie mogen beginnen. Indien er sprake is van een schadevergoedingsplicht, kan dit betekenen dat u ook voor de periode tot aan de herroeping aan de contractuele betalingsverplichtingen moet voldoen. Uw herroepingsrecht vervalt voortijdig als de overeenkomst door beide partijen op uw uitdrukkelijke verzoek volledig is nagekomen voordat u gebruik heeft gemaakt van uw herroepingsrecht. Verplichtingen tot terugbetaling dienen binnen 30 dagen te worden nagekomen. Voor u begint de termijn te lopen vanaf het moment dat u uw herroepingsverklaring verzendt, voor ons vanaf het moment dat wij deze hebben ontvangen.<\/strong><\/p>\n\n\n\n<h2 class=\"wp-block-heading\" id=\"h-disclaimer\">vrijwaring<\/h2>\n\n\n\n<p>Het aanbod bevat informatie over het samenwerkingsverband Rogert &amp; Ulbrich en bevat informatie over de belangrijkste interessegebieden van Rogert &amp; Ulbrich. Wij maken de programma-inhoud handmatig. Voor eventuele afwijkingen van de originele teksten aanvaarden wij geen aansprakelijkheid.<\/p>\n\n\n\n<p>Suggesties over welke inhoud we aan ons informatieaanbod kunnen toevoegen en eventuele fouten die gecorrigeerd moeten worden, kunt u sturen naar: office@law.law.<\/p>\n\n\n\n<p class=\"ghostkit-custom-Z1hQY3i\">Opmerking over het probleem van externe links:<br>Als aanbieders van inhoud zijn Rogert &amp; Ulbrich aansprakelijk op grond van het algemene recht voor hun \u2018eigen inhoud\u2019 die zij voor gebruik beschikbaar stellen, overeenkomstig artikel 6, lid 1 van het Interstate Media Services Treaty. Kruisverwijzingen (\u201clinks\u201d) naar inhoud van andere aanbieders dienen van deze eigen inhoud te worden onderscheiden. Via de kruisverwijzing stellen Rogert &amp; Ulbrich \u201cexterne inhoud\u201d ter beschikking voor gebruik, die als volgt wordt gemarkeerd: \u201cLinks\u201d zijn altijd \u201clive\u201d (dynamische) verwijzingen. Bij de eerste koppeling heeft Rogert &amp; Ulbrich de externe inhoud gecontroleerd om vast te stellen of deze aanleiding kon geven tot mogelijke civielrechtelijke of strafrechtelijke aansprakelijkheid. Zij controleren echter niet voortdurend de inhoud waarnaar zij in hun aanbod verwijzen op wijzigingen die aanleiding zouden kunnen geven tot nieuwe gronden voor aansprakelijkheid. Indien zij ontdekken of door anderen worden ge\u00efnformeerd dat een specifiek aanbod waarnaar zij een link hebben verstrekt, aanleiding geeft tot civiele of strafrechtelijke aansprakelijkheid, zullen zij de verwijzing naar dit aanbod verwijderen.<\/p>\n<\/div>\n<\/div>\n<\/div><\/div>","protected":false},"excerpt":{"rendered":"<p>Impressum Dieses Impressum gilt auch f\u00fcr die folgenden Profile:https:\/\/www.youtube.com\/channel\/UCganCgpvwpPFqMFf1vVmG2Ahttps:\/\/www.facebook.com\/RogertUlbrichhttps:\/\/twitter.com\/RogertUlbrichhttps:\/\/www.instagram.com\/rogertulbrich\/https:\/\/www.linkedin.com\/company\/rogert-ulbrich\/ Angaben gem\u00e4\u00df \u00a7\u00a7 5, 6 DDG. Verantwortliche im Sinne des DDG sind: Rogert &amp; Ulbrich Rechtsanw\u00e4lte [&hellip;]<\/p>\n","protected":false},"author":2,"featured_media":0,"parent":0,"menu_order":0,"comment_status":"closed","ping_status":"closed","template":"","meta":{"_uag_custom_page_level_css":"","site-sidebar-layout":"default","site-content-layout":"default","ast-site-content-layout":"default","site-content-style":"default","site-sidebar-style":"default","ast-global-header-display":"","ast-banner-title-visibility":"","ast-main-header-display":"","ast-hfb-above-header-display":"","ast-hfb-below-header-display":"","ast-hfb-mobile-header-display":"","site-post-title":"disabled","ast-breadcrumbs-content":"","ast-featured-img":"disabled","footer-sml-layout":"","ast-disable-related-posts":"","theme-transparent-header-meta":"default","adv-header-id-meta":"","stick-header-meta":"","header-above-stick-meta":"","header-main-stick-meta":"","header-below-stick-meta":"","astra-migrate-meta-layouts":"set","ast-page-background-enabled":"default","ast-page-background-meta":{"desktop":{"background-color":"","background-image":"","background-repeat":"repeat","background-position":"center center","background-size":"auto","background-attachment":"scroll","background-type":"","background-media":"","overlay-type":"","overlay-color":"","overlay-opacity":"","overlay-gradient":""},"tablet":{"background-color":"","background-image":"","background-repeat":"repeat","background-position":"center center","background-size":"auto","background-attachment":"scroll","background-type":"","background-media":"","overlay-type":"","overlay-color":"","overlay-opacity":"","overlay-gradient":""},"mobile":{"background-color":"","background-image":"","background-repeat":"repeat","background-position":"center center","background-size":"auto","background-attachment":"scroll","background-type":"","background-media":"","overlay-type":"","overlay-color":"","overlay-opacity":"","overlay-gradient":""}},"ast-content-background-meta":{"desktop":{"background-color":"var(--ast-global-color-5)","background-image":"","background-repeat":"repeat","background-position":"center center","background-size":"auto","background-attachment":"scroll","background-type":"","background-media":"","overlay-type":"","overlay-color":"","overlay-opacity":"","overlay-gradient":""},"tablet":{"background-color":"var(--ast-global-color-5)","background-image":"","background-repeat":"repeat","background-position":"center center","background-size":"auto","background-attachment":"scroll","background-type":"","background-media":"","overlay-type":"","overlay-color":"","overlay-opacity":"","overlay-gradient":""},"mobile":{"background-color":"var(--ast-global-color-5)","background-image":"","background-repeat":"repeat","background-position":"center center","background-size":"auto","background-attachment":"scroll","background-type":"","background-media":"","overlay-type":"","overlay-color":"","overlay-opacity":"","overlay-gradient":""}},"footnotes":""},"class_list":["post-8422","page","type-page","status-publish","hentry"],"yoast_head":"<!-- This site is optimized with the Yoast SEO Premium plugin v27.4 (Yoast SEO v27.4) - https:\/\/yoast.com\/product\/yoast-seo-premium-wordpress\/ -->\n<title>Impressum der Kanzlei f\u00fcr Verbraucherschutz Rogert &amp; Ulbrich - R&amp;U<\/title>\n<meta name=\"description\" content=\"Hier finden Sie das Impressum der Kanzlei f\u00fcr Verbraucherschutz Rogert &amp; Ulbrich sowie Angaben zur Haftung und Uhrheberrecht.\" \/>\n<meta name=\"robots\" content=\"index, follow, max-snippet:-1, max-image-preview:large, max-video-preview:-1\" \/>\n<link rel=\"canonical\" href=\"https:\/\/ru.law\/nl\/impressum\/\" \/>\n<meta property=\"og:locale\" content=\"nl_NL\" \/>\n<meta property=\"og:type\" content=\"article\" \/>\n<meta property=\"og:title\" content=\"Impressum\" \/>\n<meta property=\"og:description\" content=\"Hier finden Sie das Impressum der Kanzlei f\u00fcr Verbraucherschutz Rogert &amp; Ulbrich sowie Angaben zur Haftung und Uhrheberrecht.\" \/>\n<meta property=\"og:url\" content=\"https:\/\/ru.law\/nl\/impressum\/\" \/>\n<meta property=\"og:site_name\" content=\"R&amp;U\" \/>\n<meta property=\"article:publisher\" content=\"https:\/\/www.facebook.com\/RogertUlbrich\/\" \/>\n<meta property=\"article:modified_time\" content=\"2026-03-19T10:40:05+00:00\" \/>\n<meta name=\"twitter:card\" content=\"summary_large_image\" \/>\n<meta name=\"twitter:site\" content=\"@RogertUlbrich\" \/>\n<script type=\"application\/ld+json\" class=\"yoast-schema-graph\">{\"@context\":\"https:\\\/\\\/schema.org\",\"@graph\":[{\"@type\":\"WebPage\",\"@id\":\"https:\\\/\\\/ru.law\\\/impressum\\\/\",\"url\":\"https:\\\/\\\/ru.law\\\/impressum\\\/\",\"name\":\"Impressum der Kanzlei f\u00fcr Verbraucherschutz Rogert & Ulbrich - R&amp;U\",\"isPartOf\":{\"@id\":\"https:\\\/\\\/ru.law\\\/#website\"},\"datePublished\":\"2020-10-01T10:14:50+00:00\",\"dateModified\":\"2026-03-19T10:40:05+00:00\",\"description\":\"Hier finden Sie das Impressum der Kanzlei f\u00fcr Verbraucherschutz Rogert & Ulbrich sowie Angaben zur Haftung und Uhrheberrecht.\",\"breadcrumb\":{\"@id\":\"https:\\\/\\\/ru.law\\\/impressum\\\/#breadcrumb\"},\"inLanguage\":\"nl-NL\",\"potentialAction\":[{\"@type\":\"ReadAction\",\"target\":[\"https:\\\/\\\/ru.law\\\/impressum\\\/\"]}]},{\"@type\":\"BreadcrumbList\",\"@id\":\"https:\\\/\\\/ru.law\\\/impressum\\\/#breadcrumb\",\"itemListElement\":[{\"@type\":\"ListItem\",\"position\":1,\"name\":\"Startseite\",\"item\":\"https:\\\/\\\/ru.law\\\/\"},{\"@type\":\"ListItem\",\"position\":2,\"name\":\"Impressum\"}]},{\"@type\":\"WebSite\",\"@id\":\"https:\\\/\\\/ru.law\\\/#website\",\"url\":\"https:\\\/\\\/ru.law\\\/\",\"name\":\"R&U\",\"description\":\"Verbraucheranw\u00e4lte\",\"publisher\":{\"@id\":\"https:\\\/\\\/ru.law\\\/#organization\"},\"alternateName\":\"Rogert & Ulbrich\",\"potentialAction\":[{\"@type\":\"SearchAction\",\"target\":{\"@type\":\"EntryPoint\",\"urlTemplate\":\"https:\\\/\\\/ru.law\\\/?s={search_term_string}\"},\"query-input\":{\"@type\":\"PropertyValueSpecification\",\"valueRequired\":true,\"valueName\":\"search_term_string\"}}],\"inLanguage\":\"nl-NL\"},{\"@type\":\"Organization\",\"@id\":\"https:\\\/\\\/ru.law\\\/#organization\",\"name\":\"Kanzlei Rogert & Ulbrich\",\"url\":\"https:\\\/\\\/ru.law\\\/\",\"logo\":{\"@type\":\"ImageObject\",\"inLanguage\":\"nl-NL\",\"@id\":\"https:\\\/\\\/ru.law\\\/#\\\/schema\\\/logo\\\/image\\\/\",\"url\":\"https:\\\/\\\/ru.law\\\/wp-content\\\/uploads\\\/2020\\\/12\\\/logo-ru-law.svg\",\"contentUrl\":\"https:\\\/\\\/ru.law\\\/wp-content\\\/uploads\\\/2020\\\/12\\\/logo-ru-law.svg\",\"width\":992,\"height\":259,\"caption\":\"Kanzlei Rogert & Ulbrich\"},\"image\":{\"@id\":\"https:\\\/\\\/ru.law\\\/#\\\/schema\\\/logo\\\/image\\\/\"},\"sameAs\":[\"https:\\\/\\\/www.facebook.com\\\/RogertUlbrich\\\/\",\"https:\\\/\\\/x.com\\\/RogertUlbrich\",\"https:\\\/\\\/www.instagram.com\\\/rogertulbrich\\\/\",\"https:\\\/\\\/www.linkedin.com\\\/company\\\/rogert-ulbrich\\\/\",\"https:\\\/\\\/www.youtube.com\\\/channel\\\/UCganCgpvwpPFqMFf1vVmG2A\"]}]}<\/script>\n<!-- \/ Yoast SEO Premium plugin. -->","yoast_head_json":{"title":"Impressum der Kanzlei f\u00fcr Verbraucherschutz Rogert & Ulbrich - R&amp;U","description":"Hier finden Sie das Impressum der Kanzlei f\u00fcr Verbraucherschutz Rogert & Ulbrich sowie Angaben zur Haftung und Uhrheberrecht.","robots":{"index":"index","follow":"follow","max-snippet":"max-snippet:-1","max-image-preview":"max-image-preview:large","max-video-preview":"max-video-preview:-1"},"canonical":"https:\/\/ru.law\/nl\/impressum\/","og_locale":"nl_NL","og_type":"article","og_title":"Impressum","og_description":"Hier finden Sie das Impressum der Kanzlei f\u00fcr Verbraucherschutz Rogert & Ulbrich sowie Angaben zur Haftung und Uhrheberrecht.","og_url":"https:\/\/ru.law\/nl\/impressum\/","og_site_name":"R&amp;U","article_publisher":"https:\/\/www.facebook.com\/RogertUlbrich\/","article_modified_time":"2026-03-19T10:40:05+00:00","twitter_card":"summary_large_image","twitter_site":"@RogertUlbrich","schema":{"@context":"https:\/\/schema.org","@graph":[{"@type":"WebPage","@id":"https:\/\/ru.law\/impressum\/","url":"https:\/\/ru.law\/impressum\/","name":"Impressum der Kanzlei f\u00fcr Verbraucherschutz Rogert & Ulbrich - R&amp;U","isPartOf":{"@id":"https:\/\/ru.law\/#website"},"datePublished":"2020-10-01T10:14:50+00:00","dateModified":"2026-03-19T10:40:05+00:00","description":"Hier finden Sie das Impressum der Kanzlei f\u00fcr Verbraucherschutz Rogert & Ulbrich sowie Angaben zur Haftung und Uhrheberrecht.","breadcrumb":{"@id":"https:\/\/ru.law\/impressum\/#breadcrumb"},"inLanguage":"nl-NL","potentialAction":[{"@type":"ReadAction","target":["https:\/\/ru.law\/impressum\/"]}]},{"@type":"BreadcrumbList","@id":"https:\/\/ru.law\/impressum\/#breadcrumb","itemListElement":[{"@type":"ListItem","position":1,"name":"Startseite","item":"https:\/\/ru.law\/"},{"@type":"ListItem","position":2,"name":"Impressum"}]},{"@type":"WebSite","@id":"https:\/\/ru.law\/#website","url":"https:\/\/ru.law\/","name":"R&amp;U","description":"Consumentenadvocaten","publisher":{"@id":"https:\/\/ru.law\/#organization"},"alternateName":"Rogert & Ulbrich","potentialAction":[{"@type":"SearchAction","target":{"@type":"EntryPoint","urlTemplate":"https:\/\/ru.law\/?s={search_term_string}"},"query-input":{"@type":"PropertyValueSpecification","valueRequired":true,"valueName":"search_term_string"}}],"inLanguage":"nl-NL"},{"@type":"Organization","@id":"https:\/\/ru.law\/#organization","name":"Advocatenkantoor Rogert &amp; Ulbrich","url":"https:\/\/ru.law\/","logo":{"@type":"ImageObject","inLanguage":"nl-NL","@id":"https:\/\/ru.law\/#\/schema\/logo\/image\/","url":"https:\/\/ru.law\/wp-content\/uploads\/2020\/12\/logo-ru-law.svg","contentUrl":"https:\/\/ru.law\/wp-content\/uploads\/2020\/12\/logo-ru-law.svg","width":992,"height":259,"caption":"Kanzlei Rogert & Ulbrich"},"image":{"@id":"https:\/\/ru.law\/#\/schema\/logo\/image\/"},"sameAs":["https:\/\/www.facebook.com\/RogertUlbrich\/","https:\/\/x.com\/RogertUlbrich","https:\/\/www.instagram.com\/rogertulbrich\/","https:\/\/www.linkedin.com\/company\/rogert-ulbrich\/","https:\/\/www.youtube.com\/channel\/UCganCgpvwpPFqMFf1vVmG2A"]}]}},"uagb_featured_image_src":{"full":false,"thumbnail":false,"medium":false,"medium_large":false,"large":false,"1536x1536":false,"2048x2048":false,"trp-custom-language-flag":false},"uagb_author_info":{"display_name":"Stefan Selge","author_link":"https:\/\/ru.law\/nl\/author\/selge\/"},"uagb_comment_info":0,"uagb_excerpt":"Impressum Dieses Impressum gilt auch f\u00fcr die folgenden Profile:https:\/\/www.youtube.com\/channel\/UCganCgpvwpPFqMFf1vVmG2Ahttps:\/\/www.facebook.com\/RogertUlbrichhttps:\/\/twitter.com\/RogertUlbrichhttps:\/\/www.instagram.com\/rogertulbrich\/https:\/\/www.linkedin.com\/company\/rogert-ulbrich\/ Angaben gem\u00e4\u00df \u00a7\u00a7 5, 6 DDG. Verantwortliche im Sinne des DDG sind: Rogert &amp; Ulbrich Rechtsanw\u00e4lte [&hellip;]","_links":{"self":[{"href":"https:\/\/ru.law\/nl\/wp-json\/wp\/v2\/pages\/8422","targetHints":{"allow":["GET"]}}],"collection":[{"href":"https:\/\/ru.law\/nl\/wp-json\/wp\/v2\/pages"}],"about":[{"href":"https:\/\/ru.law\/nl\/wp-json\/wp\/v2\/types\/page"}],"author":[{"embeddable":true,"href":"https:\/\/ru.law\/nl\/wp-json\/wp\/v2\/users\/2"}],"replies":[{"embeddable":true,"href":"https:\/\/ru.law\/nl\/wp-json\/wp\/v2\/comments?post=8422"}],"version-history":[{"count":0,"href":"https:\/\/ru.law\/nl\/wp-json\/wp\/v2\/pages\/8422\/revisions"}],"wp:attachment":[{"href":"https:\/\/ru.law\/nl\/wp-json\/wp\/v2\/media?parent=8422"}],"curies":[{"name":"wp","href":"https:\/\/api.w.org\/{rel}","templated":true}]}}