{"id":70234,"date":"2023-11-29T13:10:53","date_gmt":"2023-11-29T12:10:53","guid":{"rendered":"https:\/\/ru.law\/?page_id=70234"},"modified":"2024-07-08T07:44:11","modified_gmt":"2024-07-08T05:44:11","slug":"paypal-ueberweisung","status":"publish","type":"page","link":"https:\/\/ru.law\/nl\/paypal-ueberweisung\/","title":{"rendered":"PayPal-betaling"},"content":{"rendered":"\n<div class=\"wp-block-uagb-container uagb-block-a38834d5 alignfull uagb-is-root-container\"><div class=\"uagb-container-inner-blocks-wrap\">\n<h2 class=\"wp-block-heading\" id=\"h-jetzt-mit-paypal-bezahlen\">Jetzt mit PayPal bezahlen<\/h2>\n\n\n<div class=\"frm_forms  with_frm_style frm_style_formidable-style\" id=\"frm_form_69_container\" data-token=\"ba6f0f49e12f709f7c8e700cb7b05430\">\n<form enctype=\"multipart\/form-data\" method=\"post\" class=\"frm-show-form  frm_pro_form \" id=\"form_paypalbezahlung\" data-token=\"ba6f0f49e12f709f7c8e700cb7b05430\">\n<div class=\"frm_form_fields \">\n<fieldset>\n<legend class=\"frm_screen_reader\">PayPal Bezahlung<\/legend>\r\n\r\n<div class=\"frm_fields_container\">\n<input type=\"hidden\" name=\"frm_action\" value=\"create\" \/>\n<input type=\"hidden\" name=\"form_id\" value=\"69\" \/>\n<input type=\"hidden\" name=\"frm_hide_fields_69\" id=\"frm_hide_fields_69\" value=\"\" \/>\n<input type=\"hidden\" name=\"form_key\" value=\"paypalbezahlung\" \/>\n<input type=\"hidden\" name=\"item_meta[0]\" value=\"\" \/>\n<input type=\"hidden\" id=\"frm_submit_entry_69\" name=\"frm_submit_entry_69\" value=\"50bb58baaa\" \/><input type=\"hidden\" name=\"_wp_http_referer\" value=\"\/nl\/wp-json\/wp\/v2\/pages\/70234\" \/>\t\t<input  type=\"hidden\" name=\"item_meta[1775]\" id=\"field_ef54n\" value=\"\"     \/>\n\t\t\t\t<input  type=\"hidden\" name=\"item_meta[1857]\" id=\"field_qxlcz\" value=\"\"     \/>\n\t\t<div id=\"frm_field_1786_container\" class=\"frm_form_field frm_section_heading frm_hidden frm_invisible_section form-field \">\r\n<h3 class=\"frm_pos_top frm_section_spacing\">Intern<\/h3>\r\n\r\n\r\n<div id=\"frm_field_1782_container\" class=\"frm_form_field form-field  frm_top_container frm2 frm_first horizontal_radio frm_display_format_buttons frm_text_align_left\">\r\n    <div  id=\"field_80w9t_label\" class=\"frm_primary_label\">Anrede\r\n        <span class=\"frm_required\" aria-hidden=\"true\"><\/span>\r\n    <\/div>\r\n    <div class=\"frm_opt_container\" aria-labelledby=\"field_80w9t_label\" role=\"group\">\t\t<div class=\"frm_checkbox\" id=\"frm_checkbox_1782-1786-0\">\t\t\t<label  for=\"field_80w9t-0\">\n\t\t\t<input type=\"checkbox\" name=\"item_meta[1782][]\" id=\"field_80w9t-0\" value=\"Herr\"  data-sectionid=\"1786\"  data-invmsg=\"Anrede is invalid\"   \/> <div class=\"frm_label_button_container\">Herr<\/div><\/label><\/div>\n\t\t<div class=\"frm_checkbox\" id=\"frm_checkbox_1782-1786-1\">\t\t\t<label  for=\"field_80w9t-1\">\n\t\t\t<input type=\"checkbox\" name=\"item_meta[1782][]\" id=\"field_80w9t-1\" value=\"Frau\"  data-sectionid=\"1786\"  data-invmsg=\"Anrede is invalid\"   \/> <div class=\"frm_label_button_container\">Frau<\/div><\/label><\/div>\n<\/div>\r\n    \r\n    \r\n<\/div>\n<div id=\"frm_field_1779_container\" class=\"frm_form_field form-field  frm_top_container frm3\">\r\n    <label for=\"field_7uvin\" id=\"field_7uvin_label\" class=\"frm_primary_label\">Vorname\r\n        <span class=\"frm_required\" aria-hidden=\"true\"><\/span>\r\n    <\/label>\r\n    <input  type=\"text\" id=\"field_7uvin\" name=\"item_meta[1779]\" value=\"\"  data-sectionid=\"1786\"  data-invmsg=\"Text ist ung\u00fcltig\" aria-invalid=\"false\"   \/>\r\n    \r\n    \r\n<\/div>\n<div id=\"frm_field_1780_container\" class=\"frm_form_field form-field  frm_top_container frm3\">\r\n    <label for=\"field_n05ik\" id=\"field_n05ik_label\" class=\"frm_primary_label\">Nachname\r\n        <span class=\"frm_required\" aria-hidden=\"true\"><\/span>\r\n    <\/label>\r\n    <input  type=\"text\" id=\"field_n05ik\" name=\"item_meta[1780]\" value=\"\"  data-sectionid=\"1786\"  data-invmsg=\"Text ist ung\u00fcltig\" aria-invalid=\"false\"   \/>\r\n    \r\n    \r\n<\/div>\n<div id=\"frm_field_1783_container\" class=\"frm_form_field form-field  frm_top_container frm3\">\r\n    <label for=\"field_i36au\" id=\"field_i36au_label\" class=\"frm_primary_label\">E-Mail\r\n        <span class=\"frm_required\" aria-hidden=\"true\"><\/span>\r\n    <\/label>\r\n    <input type=\"email\" id=\"field_i36au\" name=\"item_meta[1783]\" value=\"\"  data-sectionid=\"1786\"  data-invmsg=\"E-Mail ist ung\u00fcltig\" aria-invalid=\"false\"  \/>\r\n    \r\n    \r\n<\/div>\n<div id=\"frm_field_1778_container\" class=\"frm_form_field form-field  frm_required_field frm_top_container frm6 frm_first\">\r\n    <label for=\"field_1c2xj\" id=\"field_1c2xj_label\" class=\"frm_primary_label\">Betrag\r\n        <span class=\"frm_required\" aria-hidden=\"true\">*<\/span>\r\n    <\/label>\r\n    <div class=\"frm_input_group frm_with_box frm_with_post\"><input type=\"number\" id=\"field_1c2xj\" name=\"item_meta[1778]\" value=\"0.10\" data-sectionid=\"1786\"  data-frmval=\"0.10\" data-reqmsg=\"Dieses Feld darf nicht leer sein.\" aria-required=\"true\" data-invmsg=\"Zahl ist ung\u00fcltig\" aria-invalid=\"false\"   min=\"0\" max=\"9999999\" step=\"any\" \/><span class=\"frm_inline_box\">\u20ac  inkl. MwSt.<\/span><\/div>\r\n    \r\n    \r\n<\/div>\n<div id=\"frm_field_1784_container\" class=\"frm_form_field form-field  frm_top_container frm6 horizontal_radio frm_display_format_buttons frm_text_align_left\">\r\n    <div  id=\"field_qqum3_label\" class=\"frm_primary_label\">Zahlungsstatus\r\n        <span class=\"frm_required\" aria-hidden=\"true\"><\/span>\r\n    <\/div>\r\n    <div class=\"frm_opt_container\" aria-labelledby=\"field_qqum3_label\" role=\"radiogroup\">\t\t<div class=\"frm_radio\" id=\"frm_radio_1784-1786-0\">\t\t\t<label  for=\"field_qqum3-0\">\n\t\t\t\t\t<input type=\"radio\" name=\"item_meta[1784]\" id=\"field_qqum3-0\" value=\"Completed\"\n\t\t data-sectionid=\"1786\"  data-frmval=\"Pending\" data-invmsg=\"Zahlungsstatus is invalid\"   \/> <div class=\"frm_label_button_container\">Completed<\/div><\/label><\/div>\n\t\t<div class=\"frm_radio\" id=\"frm_radio_1784-1786-1\">\t\t\t<label  for=\"field_qqum3-1\">\n\t\t\t\t\t<input type=\"radio\" name=\"item_meta[1784]\" id=\"field_qqum3-1\" value=\"Failed\"\n\t\t data-sectionid=\"1786\"  data-frmval=\"Pending\" data-invmsg=\"Zahlungsstatus is invalid\"   \/> <div class=\"frm_label_button_container\">Failed<\/div><\/label><\/div>\n\t\t<div class=\"frm_radio\" id=\"frm_radio_1784-1786-2\">\t\t\t<label  for=\"field_qqum3-2\">\n\t\t\t\t\t<input type=\"radio\" name=\"item_meta[1784]\" id=\"field_qqum3-2\" value=\"Pending\"\n\t\t data-sectionid=\"1786\"  data-frmval=\"Pending\" data-invmsg=\"Zahlungsstatus is invalid\"  checked=\"checked\" \/> <div class=\"frm_label_button_container\">Pending<\/div><\/label><\/div>\n<\/div>\r\n    \r\n    \r\n<\/div>\n<\/div>\n<div id=\"frm_field_1790_container\" class=\"frm_form_field frm_section_heading form-field  frm_hide_section\">\r\n<h3 class=\"frm_pos_none frm_section_spacing\">Bezahlung<\/h3>\r\n\r\n\r\n<div id=\"frm_field_1789_container\" class=\"frm_form_field  frm12 frm_first frm_html_container form-field\">\n<div class=\"paynow\">\n<b>Vielen Dank f\u00fcr Ihr Interesse an einer individuellen Beratung!<\/b><\/p>\n<p>Um Ihren Termin zu sichern, ist eine Zahlung in H\u00f6he von <b>EUR 0.10  inkl. MwSt.<\/b> erforderlich. Nach erfolgreicher Zahlung erhalten Sie eine E-Mail mit einem Link zur Terminbuchung, \u00fcber den Sie bequem Ihren gew\u00fcnschten Gespr\u00e4chstermin ausw\u00e4hlen k\u00f6nnen.<\/p>\n<p><b>So funktioniert es:<\/b><br \/>\n1. Klicken Sie auf den Button \u201eZahlung durchf\u00fchren\u201c.<br \/>\n2. Sie werden zu <b>PayPal<\/b> weitergeleitet. Dort haben Sie die M\u00f6glichkeit, mit verschiedenen Zahlungsmethoden zu zahlen:<\/p>\n<ul>\n<li>PayPal-Guthaben<\/li>\n<li>Kreditkarte<\/li>\n<li>Lastschrift<\/li>\n<li>Weitere je nach Verf\u00fcgbarkeit<\/li>\n<\/ul>\n<p>3. Nach erfolgreicher Zahlung erhalten Sie eine Best\u00e4tigungs-E-Mail an <b><\/b> mit dem Link zur Terminbuchung.<\/p>\n<\/div>\n<\/div>\n<\/div>\n<input type=\"hidden\" name=\"item_meta[1788]\" id=\"field_5e0so\" value=\"\" data-frmval=\"\"\/>\n<div id=\"frm_field_1956_container\" class=\"frm_form_field form-field \">\r\n\t<div class=\"frm_submit\">\r\n\r\n<button class=\"frm_button_submit frm_final_submit\" type=\"submit\"   formnovalidate=\"formnovalidate\">Zahlung durchf\u00fchren<\/button>\r\n\r\n\r\n<\/div>\r\n<\/div>\n\t<input type=\"hidden\" name=\"item_key\" value=\"\" \/>\n\t\t\t<div id=\"frm_field_2572_container\">\n\t\t\t<label for=\"field_nygdy\" >\n\t\t\t\tIf you are human, leave this field blank.\t\t\t<\/label>\n\t\t\t<input  id=\"field_nygdy\" type=\"text\" class=\"frm_form_field form-field frm_verify\" name=\"item_meta[2572]\" value=\"\"  \/>\n\t\t<\/div>\n\t\t<input name=\"frm_state\" type=\"hidden\" value=\"RJmf59sA0enrGkYZwD9iTP0T7Z4UqY06R\/f\/XNhqL6rtKn2t9aVhQI2fe3G4mDjfIjbR7slSlgdx908Y8y54XA==\" \/><\/div>\n<\/fieldset>\n<\/div>\n\n<\/form>\n<\/div>\n\n<\/div><\/div>\n","protected":false},"excerpt":{"rendered":"<p>Betaal nu met PayPal<\/p>","protected":false},"author":2,"featured_media":1660,"parent":0,"menu_order":0,"comment_status":"closed","ping_status":"closed","template":"","meta":{"_uag_custom_page_level_css":"","site-sidebar-layout":"default","site-content-layout":"default","ast-site-content-layout":"default","site-content-style":"default","site-sidebar-style":"default","ast-global-header-display":"","ast-banner-title-visibility":"","ast-main-header-display":"","ast-hfb-above-header-display":"","ast-hfb-below-header-display":"","ast-hfb-mobile-header-display":"","site-post-title":"disabled","ast-breadcrumbs-content":"","ast-featured-img":"disabled","footer-sml-layout":"","ast-disable-related-posts":"","theme-transparent-header-meta":"default","adv-header-id-meta":"","stick-header-meta":"","header-above-stick-meta":"","header-main-stick-meta":"","header-below-stick-meta":"","astra-migrate-meta-layouts":"default","ast-page-background-enabled":"default","ast-page-background-meta":{"desktop":{"background-color":"","background-image":"","background-repeat":"repeat","background-position":"center center","background-size":"auto","background-attachment":"scroll","background-type":"","background-media":"","overlay-type":"","overlay-color":"","overlay-opacity":"","overlay-gradient":""},"tablet":{"background-color":"","background-image":"","background-repeat":"repeat","background-position":"center center","background-size":"auto","background-attachment":"scroll","background-type":"","background-media":"","overlay-type":"","overlay-color":"","overlay-opacity":"","overlay-gradient":""},"mobile":{"background-color":"","background-image":"","background-repeat":"repeat","background-position":"center center","background-size":"auto","background-attachment":"scroll","background-type":"","background-media":"","overlay-type":"","overlay-color":"","overlay-opacity":"","overlay-gradient":""}},"ast-content-background-meta":{"desktop":{"background-color":"var(--ast-global-color-5)","background-image":"","background-repeat":"repeat","background-position":"center center","background-size":"auto","background-attachment":"scroll","background-type":"","background-media":"","overlay-type":"","overlay-color":"","overlay-opacity":"","overlay-gradient":""},"tablet":{"background-color":"var(--ast-global-color-5)","background-image":"","background-repeat":"repeat","background-position":"center center","background-size":"auto","background-attachment":"scroll","background-type":"","background-media":"","overlay-type":"","overlay-color":"","overlay-opacity":"","overlay-gradient":""},"mobile":{"background-color":"var(--ast-global-color-5)","background-image":"","background-repeat":"repeat","background-position":"center center","background-size":"auto","background-attachment":"scroll","background-type":"","background-media":"","overlay-type":"","overlay-color":"","overlay-opacity":"","overlay-gradient":""}},"footnotes":""},"class_list":["post-70234","page","type-page","status-publish","has-post-thumbnail","hentry"],"yoast_head":"<!-- This site is optimized with the Yoast SEO Premium plugin v27.4 (Yoast SEO v27.4) - https:\/\/yoast.com\/product\/yoast-seo-premium-wordpress\/ -->\n<title>Kontakt Kanzlei Rogert &amp; Ulbrich: auf allen Kan\u00e4len erreichbar - R&amp;U<\/title>\n<meta name=\"description\" content=\"Sie haben eine Frage, m\u00f6chten einen Termin in der Kanzlei Rogert &amp; Ulbrich vereinbaren, oder telefonisch beraten werden? Kontaktieren Sie uns!\" \/>\n<meta name=\"robots\" content=\"index, follow, max-snippet:-1, max-image-preview:large, max-video-preview:-1\" \/>\n<link rel=\"canonical\" href=\"https:\/\/ru.law\/nl\/paypal-ueberweisung\/\" \/>\n<meta property=\"og:locale\" content=\"nl_NL\" \/>\n<meta property=\"og:type\" content=\"article\" \/>\n<meta property=\"og:title\" content=\"PayPal Bezahlung\" \/>\n<meta property=\"og:description\" content=\"Sie haben eine Frage, m\u00f6chten einen Termin in der Kanzlei Rogert &amp; Ulbrich vereinbaren, oder telefonisch beraten werden? Kontaktieren Sie uns!\" \/>\n<meta property=\"og:url\" content=\"https:\/\/ru.law\/nl\/paypal-ueberweisung\/\" \/>\n<meta property=\"og:site_name\" content=\"R&amp;U\" \/>\n<meta property=\"article:publisher\" content=\"https:\/\/www.facebook.com\/RogertUlbrich\/\" \/>\n<meta property=\"article:modified_time\" content=\"2024-07-08T05:44:11+00:00\" \/>\n<meta name=\"twitter:card\" content=\"summary_large_image\" \/>\n<meta name=\"twitter:site\" content=\"@RogertUlbrich\" \/>\n<script type=\"application\/ld+json\" class=\"yoast-schema-graph\">{\"@context\":\"https:\\\/\\\/schema.org\",\"@graph\":[{\"@type\":\"WebPage\",\"@id\":\"https:\\\/\\\/ru.law\\\/paypal-ueberweisung\\\/\",\"url\":\"https:\\\/\\\/ru.law\\\/paypal-ueberweisung\\\/\",\"name\":\"Kontakt Kanzlei Rogert & Ulbrich: auf allen Kan\u00e4len erreichbar - R&amp;U\",\"isPartOf\":{\"@id\":\"https:\\\/\\\/ru.law\\\/#website\"},\"primaryImageOfPage\":{\"@id\":\"https:\\\/\\\/ru.law\\\/paypal-ueberweisung\\\/#primaryimage\"},\"image\":{\"@id\":\"https:\\\/\\\/ru.law\\\/paypal-ueberweisung\\\/#primaryimage\"},\"thumbnailUrl\":\"\",\"datePublished\":\"2023-11-29T12:10:53+00:00\",\"dateModified\":\"2024-07-08T05:44:11+00:00\",\"description\":\"Sie haben eine Frage, m\u00f6chten einen Termin in der Kanzlei Rogert & Ulbrich vereinbaren, oder telefonisch beraten werden? Kontaktieren Sie uns!\",\"breadcrumb\":{\"@id\":\"https:\\\/\\\/ru.law\\\/paypal-ueberweisung\\\/#breadcrumb\"},\"inLanguage\":\"nl-NL\",\"potentialAction\":[{\"@type\":\"ReadAction\",\"target\":[\"https:\\\/\\\/ru.law\\\/paypal-ueberweisung\\\/\"]}]},{\"@type\":\"ImageObject\",\"inLanguage\":\"nl-NL\",\"@id\":\"https:\\\/\\\/ru.law\\\/paypal-ueberweisung\\\/#primaryimage\",\"url\":\"\",\"contentUrl\":\"\"},{\"@type\":\"BreadcrumbList\",\"@id\":\"https:\\\/\\\/ru.law\\\/paypal-ueberweisung\\\/#breadcrumb\",\"itemListElement\":[{\"@type\":\"ListItem\",\"position\":1,\"name\":\"Startseite\",\"item\":\"https:\\\/\\\/ru.law\\\/\"},{\"@type\":\"ListItem\",\"position\":2,\"name\":\"PayPal Bezahlung\"}]},{\"@type\":\"WebSite\",\"@id\":\"https:\\\/\\\/ru.law\\\/#website\",\"url\":\"https:\\\/\\\/ru.law\\\/\",\"name\":\"R&U\",\"description\":\"Verbraucheranw\u00e4lte\",\"publisher\":{\"@id\":\"https:\\\/\\\/ru.law\\\/#organization\"},\"alternateName\":\"Rogert & Ulbrich\",\"potentialAction\":[{\"@type\":\"SearchAction\",\"target\":{\"@type\":\"EntryPoint\",\"urlTemplate\":\"https:\\\/\\\/ru.law\\\/?s={search_term_string}\"},\"query-input\":{\"@type\":\"PropertyValueSpecification\",\"valueRequired\":true,\"valueName\":\"search_term_string\"}}],\"inLanguage\":\"nl-NL\"},{\"@type\":\"Organization\",\"@id\":\"https:\\\/\\\/ru.law\\\/#organization\",\"name\":\"Kanzlei Rogert & Ulbrich\",\"url\":\"https:\\\/\\\/ru.law\\\/\",\"logo\":{\"@type\":\"ImageObject\",\"inLanguage\":\"nl-NL\",\"@id\":\"https:\\\/\\\/ru.law\\\/#\\\/schema\\\/logo\\\/image\\\/\",\"url\":\"https:\\\/\\\/ru.law\\\/wp-content\\\/uploads\\\/2020\\\/12\\\/logo-ru-law.svg\",\"contentUrl\":\"https:\\\/\\\/ru.law\\\/wp-content\\\/uploads\\\/2020\\\/12\\\/logo-ru-law.svg\",\"width\":992,\"height\":259,\"caption\":\"Kanzlei Rogert & Ulbrich\"},\"image\":{\"@id\":\"https:\\\/\\\/ru.law\\\/#\\\/schema\\\/logo\\\/image\\\/\"},\"sameAs\":[\"https:\\\/\\\/www.facebook.com\\\/RogertUlbrich\\\/\",\"https:\\\/\\\/x.com\\\/RogertUlbrich\",\"https:\\\/\\\/www.instagram.com\\\/rogertulbrich\\\/\",\"https:\\\/\\\/www.linkedin.com\\\/company\\\/rogert-ulbrich\\\/\",\"https:\\\/\\\/www.youtube.com\\\/channel\\\/UCganCgpvwpPFqMFf1vVmG2A\"]}]}<\/script>\n<!-- \/ Yoast SEO Premium plugin. -->","yoast_head_json":{"title":"Kontakt Kanzlei Rogert & Ulbrich: auf allen Kan\u00e4len erreichbar - R&amp;U","description":"Sie haben eine Frage, m\u00f6chten einen Termin in der Kanzlei Rogert & Ulbrich vereinbaren, oder telefonisch beraten werden? Kontaktieren Sie uns!","robots":{"index":"index","follow":"follow","max-snippet":"max-snippet:-1","max-image-preview":"max-image-preview:large","max-video-preview":"max-video-preview:-1"},"canonical":"https:\/\/ru.law\/nl\/paypal-ueberweisung\/","og_locale":"nl_NL","og_type":"article","og_title":"PayPal Bezahlung","og_description":"Sie haben eine Frage, m\u00f6chten einen Termin in der Kanzlei Rogert & Ulbrich vereinbaren, oder telefonisch beraten werden? Kontaktieren Sie uns!","og_url":"https:\/\/ru.law\/nl\/paypal-ueberweisung\/","og_site_name":"R&amp;U","article_publisher":"https:\/\/www.facebook.com\/RogertUlbrich\/","article_modified_time":"2024-07-08T05:44:11+00:00","twitter_card":"summary_large_image","twitter_site":"@RogertUlbrich","schema":{"@context":"https:\/\/schema.org","@graph":[{"@type":"WebPage","@id":"https:\/\/ru.law\/paypal-ueberweisung\/","url":"https:\/\/ru.law\/paypal-ueberweisung\/","name":"Kontakt Kanzlei Rogert & Ulbrich: auf allen Kan\u00e4len erreichbar - R&amp;U","isPartOf":{"@id":"https:\/\/ru.law\/#website"},"primaryImageOfPage":{"@id":"https:\/\/ru.law\/paypal-ueberweisung\/#primaryimage"},"image":{"@id":"https:\/\/ru.law\/paypal-ueberweisung\/#primaryimage"},"thumbnailUrl":"","datePublished":"2023-11-29T12:10:53+00:00","dateModified":"2024-07-08T05:44:11+00:00","description":"Sie haben eine Frage, m\u00f6chten einen Termin in der Kanzlei Rogert & Ulbrich vereinbaren, oder telefonisch beraten werden? Kontaktieren Sie uns!","breadcrumb":{"@id":"https:\/\/ru.law\/paypal-ueberweisung\/#breadcrumb"},"inLanguage":"nl-NL","potentialAction":[{"@type":"ReadAction","target":["https:\/\/ru.law\/paypal-ueberweisung\/"]}]},{"@type":"ImageObject","inLanguage":"nl-NL","@id":"https:\/\/ru.law\/paypal-ueberweisung\/#primaryimage","url":"","contentUrl":""},{"@type":"BreadcrumbList","@id":"https:\/\/ru.law\/paypal-ueberweisung\/#breadcrumb","itemListElement":[{"@type":"ListItem","position":1,"name":"Startseite","item":"https:\/\/ru.law\/"},{"@type":"ListItem","position":2,"name":"PayPal Bezahlung"}]},{"@type":"WebSite","@id":"https:\/\/ru.law\/#website","url":"https:\/\/ru.law\/","name":"R&amp;U","description":"Consumentenadvocaten","publisher":{"@id":"https:\/\/ru.law\/#organization"},"alternateName":"Rogert & Ulbrich","potentialAction":[{"@type":"SearchAction","target":{"@type":"EntryPoint","urlTemplate":"https:\/\/ru.law\/?s={search_term_string}"},"query-input":{"@type":"PropertyValueSpecification","valueRequired":true,"valueName":"search_term_string"}}],"inLanguage":"nl-NL"},{"@type":"Organization","@id":"https:\/\/ru.law\/#organization","name":"Advocatenkantoor Rogert &amp; Ulbrich","url":"https:\/\/ru.law\/","logo":{"@type":"ImageObject","inLanguage":"nl-NL","@id":"https:\/\/ru.law\/#\/schema\/logo\/image\/","url":"https:\/\/ru.law\/wp-content\/uploads\/2020\/12\/logo-ru-law.svg","contentUrl":"https:\/\/ru.law\/wp-content\/uploads\/2020\/12\/logo-ru-law.svg","width":992,"height":259,"caption":"Kanzlei Rogert & Ulbrich"},"image":{"@id":"https:\/\/ru.law\/#\/schema\/logo\/image\/"},"sameAs":["https:\/\/www.facebook.com\/RogertUlbrich\/","https:\/\/x.com\/RogertUlbrich","https:\/\/www.instagram.com\/rogertulbrich\/","https:\/\/www.linkedin.com\/company\/rogert-ulbrich\/","https:\/\/www.youtube.com\/channel\/UCganCgpvwpPFqMFf1vVmG2A"]}]}},"uagb_featured_image_src":{"full":false,"thumbnail":false,"medium":false,"medium_large":false,"large":false,"1536x1536":false,"2048x2048":false,"trp-custom-language-flag":false},"uagb_author_info":{"display_name":"Stefan Selge","author_link":"https:\/\/ru.law\/nl\/author\/selge\/"},"uagb_comment_info":0,"uagb_excerpt":"Jetzt mit PayPal bezahlen","_links":{"self":[{"href":"https:\/\/ru.law\/nl\/wp-json\/wp\/v2\/pages\/70234","targetHints":{"allow":["GET"]}}],"collection":[{"href":"https:\/\/ru.law\/nl\/wp-json\/wp\/v2\/pages"}],"about":[{"href":"https:\/\/ru.law\/nl\/wp-json\/wp\/v2\/types\/page"}],"author":[{"embeddable":true,"href":"https:\/\/ru.law\/nl\/wp-json\/wp\/v2\/users\/2"}],"replies":[{"embeddable":true,"href":"https:\/\/ru.law\/nl\/wp-json\/wp\/v2\/comments?post=70234"}],"version-history":[{"count":0,"href":"https:\/\/ru.law\/nl\/wp-json\/wp\/v2\/pages\/70234\/revisions"}],"wp:featuredmedia":[{"embeddable":true,"href":"https:\/\/ru.law\/nl\/wp-json\/"}],"wp:attachment":[{"href":"https:\/\/ru.law\/nl\/wp-json\/wp\/v2\/media?parent=70234"}],"curies":[{"name":"wp","href":"https:\/\/api.w.org\/{rel}","templated":true}]}}