{"id":4310,"date":"2020-09-07T14:19:59","date_gmt":"2020-09-07T12:19:59","guid":{"rendered":"https:\/\/www.rogertulbrich.de\/wp\/?page_id=4310"},"modified":"2026-01-30T13:07:18","modified_gmt":"2026-01-30T12:07:18","slug":"service","status":"publish","type":"page","link":"https:\/\/ru.law\/nl\/service\/","title":{"rendered":"dienst"},"content":{"rendered":"<div class=\"wp-block-uagb-container uagb-block-bc770362 alignfull uagb-is-root-container\"><div class=\"uagb-container-inner-blocks-wrap\">\n<div class=\"wp-block-group is-layout-constrained wp-block-group-is-layout-constrained\"><div class=\"wp-block-group__inner-container\">\n<h1 class=\"wp-block-heading videoheadline has-ast-global-color-5-color has-text-color has-link-color wp-elements-fa51b3444d2f5722a6ff74c958ea9047\" id=\"h-unsere-services-wir-mogen-es-wenn-die-dinge-einfach-sind\"><strong>Onze diensten<\/strong><br>Wij houden ervan dat dingen eenvoudig zijn<\/h1>\n<\/div><\/div>\n\n\n\n<p class=\"ghostkit-custom-Z7Sq6E has-ast-global-color-5-color has-text-color has-link-color wp-elements-c6072b2d169a3a726a6f42409e1957ac\"><br>U kunt altijd op ons rekenen voor de hoogste kwaliteit, effici\u00ebntie en transparantie. Daarom stemmen wij onze dienstverlening af op de behoeften van onze klanten. En indien nodig staan wij uiteraard (bijna) 24 uur per dag persoonlijk voor u klaar.<\/p>\n<\/div><\/div>\n\n\n\n<div id=\"downloads\" class=\"wp-block-uagb-container uagb-block-fb6be7dd alignfull uagb-is-root-container\"><div class=\"uagb-container-inner-blocks-wrap\">\n<h2 class=\"wp-block-heading\" id=\"h-wichtige-dokumente-als-download\">Belangrijke documenten om te downloaden<\/h2>\n\n\n\n<p>Om ervoor te zorgen dat wij uw claims zo snel mogelijk kunnen verwerken, vragen wij u om de volgende documenten in te vullen en te ondertekenen en deze te retourneren naar:&nbsp;<strong>neuanfragen@ru.law<\/strong>&nbsp;of&nbsp;<strong>per fax naar 0211-81977199<\/strong>.<\/p>\n\n\n\n<div class=\"wp-block-uagb-icon-list uagb-block-318269b6\"><div class=\"uagb-icon-list__wrap\">\n<div class=\"wp-block-uagb-icon-list-child uagb-block-c74551dc\"><a target=\"_blank\" aria-label=\"documenten voor het verlenen van het mandaat\" rel=\"noopener noreferrer\" href=\"https:\/\/ru.law\/wp-content\/uploads\/2025\/07\/ru_dokumente_mandatserteilung_stand03072025.pdf\"> <\/a><span class=\"uagb-icon-list__source-wrap\"><svg xmlns=\"https:\/\/www.w3.org\/2000\/svg\" viewbox=\"0 0 384 512\"><path d=\"M88 304H80V256H88C101.3 256 112 266.7 112 280C112 293.3 101.3 304 88 304zM192 256H200C208.8 256 216 263.2 216 272V336C216 344.8 208.8 352 200 352H192V256zM224 0V128C224 145.7 238.3 160 256 160H384V448C384 483.3 355.3 512 320 512H64C28.65 512 0 483.3 0 448V64C0 28.65 28.65 0 64 0H224zM64 224C55.16 224 48 231.2 48 240V368C48 376.8 55.16 384 64 384C72.84 384 80 376.8 80 368V336H88C118.9 336 144 310.9 144 280C144 249.1 118.9 224 88 224H64zM160 368C160 376.8 167.2 384 176 384H200C226.5 384 248 362.5 248 336V272C248 245.5 226.5 224 200 224H176C167.2 224 160 231.2 160 240V368zM288 224C279.2 224 272 231.2 272 240V368C272 376.8 279.2 384 288 384C296.8 384 304 376.8 304 368V320H336C344.8 320 352 312.8 352 304C352 295.2 344.8 288 336 288H304V256H336C344.8 256 352 248.8 352 240C352 231.2 344.8 224 336 224H288zM256 0L384 128H256V0z\"><\/path><\/svg><\/span><span class=\"uagb-icon-list__label\"><strong>documenten voor het verlenen van het mandaat<\/strong><\/span><\/div>\n<\/div><\/div>\n\n\n\n<p>Om ervoor te zorgen dat wij uw claims zo snel mogelijk kunnen verwerken, vragen wij u om de volgende documenten in te vullen en te ondertekenen en deze te retourneren naar:&nbsp;<strong><a href=\"mailto:neuanfragen@ru.law\">neuanfragen@ru.law<\/a><\/strong>&nbsp;of&nbsp;<strong>per fax naar 0211-81977199<\/strong>.<\/p>\n<\/div><\/div>\n\n\n\n<div id=\"schritte\" class=\"wp-block-uagb-container uagb-block-0bf18f8f alignfull uagb-is-root-container\"><div class=\"uagb-container-inner-blocks-wrap\">\n<h2 class=\"wp-block-heading has-ast-global-color-5-color has-text-color has-link-color wp-elements-65c04c4dc8a72ed25c9da41943aaeb55\" id=\"h-unser-service-fur-sie-wir-betreuen-sie-kompetent-amp-zuverlassig-in-allen-phasen\">Onze service voor u<br><em>Wij ondersteunen u vakkundig en betrouwbaar in alle fasen<\/em><\/h2>\n\n\n\n<div class=\"wp-block-columns is-layout-flex wp-container-core-columns-is-layout-c2d6fa21 wp-block-columns-is-layout-flex\">\n<div class=\"wp-block-column is-layout-flow wp-block-column-is-layout-flow\">\n<h3 class=\"wp-block-heading ghostkit-custom-1e5Eru has-ast-global-color-5-color has-text-color has-link-color wp-elements-c1b90bc3f4f8b70df2171eebeee72d3d\" id=\"h-erstberatung\" style=\"margin-bottom:0px\"><strong>eerste consult<\/strong><\/h3>\n\n\n\n<p class=\"has-text-align-left has-ast-global-color-5-color has-text-color has-link-color wp-elements-4fd931b83ba37b6b31c246bf936d3cb6\" style=\"margin-top:0px\">Vrijblijvend eerste adviesgesprek en deskundige ondersteuning door ons ervaren R&amp;U-juridisch team.<\/p>\n\n\n\n<h3 class=\"wp-block-heading ghostkit-custom-ZH1Nls has-ast-global-color-5-color has-text-color has-link-color wp-elements-caed63d795c97332f7e72086f553eee3\" id=\"h-bewertung\" style=\"margin-bottom:0px\"><strong>Evaluatie<\/strong><\/h3>\n\n\n\n<p class=\"has-text-align-left has-ast-global-color-5-color has-text-color has-link-color wp-elements-ea6471587e8bccbd00536df276197202\" style=\"margin-top:0px\">Individuele beoordeling en evaluatie van uw kansen op succes bij het aanspannen van een rechtszaak.<\/p>\n\n\n\n<h3 class=\"wp-block-heading ghostkit-custom-ZJiycY has-ast-global-color-5-color has-text-color has-link-color wp-elements-9a6ee7c7935fb4c399c3fbe4aa919dbf\" id=\"h-auswahl\" style=\"margin-bottom:0px\"><strong>Selectie<\/strong><\/h3>\n\n\n\n<p class=\"has-text-align-left has-ast-global-color-5-color has-text-color has-link-color wp-elements-bb7c554f3e0013b24c221ef744e237a8\" style=\"margin-top:0px\">Gerichte identificatie van de ideale jurisdictie met consumentvriendelijke uitspraken.<\/p>\n<\/div>\n\n\n\n<div class=\"wp-block-column is-layout-flow wp-block-column-is-layout-flow\">\n<h3 class=\"wp-block-heading ghostkit-custom-26ThBD has-ast-global-color-5-color has-text-color has-link-color wp-elements-738ab918eb4f4ce30000e99723bd9c29\" id=\"h-analyse\" style=\"margin-bottom:0px\"><strong>analyse<\/strong><\/h3>\n\n\n\n<p class=\"has-ast-global-color-5-color has-text-color has-link-color wp-elements-0dbc3c53f4401c4a5e83f59b885019f6\" style=\"margin-top:0px\">Gedetailleerde analyse van uw zaak en identificatie van uw persoonlijke claims.<\/p>\n\n\n\n<h3 class=\"wp-block-heading ghostkit-custom-Z2q99nE has-ast-global-color-5-color has-text-color has-link-color wp-elements-ee89750a62f83cc003e5e117fe9e0c8d\" id=\"h-strategie\" style=\"margin-bottom:0px\"><strong>strategie<\/strong><\/h3>\n\n\n\n<p class=\"has-ast-global-color-5-color has-text-color has-link-color wp-elements-47bf05361e822e29d8dbe47fa086c8a4\" style=\"margin-top:0px\">Vakkundig bepalen van de optimale juridische koers voor het best mogelijke resultaat.<\/p>\n\n\n\n<h3 class=\"wp-block-heading ghostkit-custom-2qDOTa has-ast-global-color-5-color has-text-color has-link-color wp-elements-8199e606e0765d8823fae2a68854b13b\" id=\"h-klage\" style=\"margin-bottom:0px\"><strong>pak<\/strong><\/h3>\n\n\n\n<p class=\"has-ast-global-color-5-color has-text-color has-link-color wp-elements-aec0ca9b3421bff20afa4f89cab38033\" style=\"margin-top:0px\">Effectieve en vastberaden handhaving van uw vorderingen gedurende de gehele procedure.<\/p>\n<\/div>\n<\/div>\n<\/div><\/div>\n\n\n\n<div class=\"wp-block-uagb-container uagb-block-81b12165 alignfull uagb-is-root-container\"><div class=\"uagb-container-inner-blocks-wrap\">\n<div class=\"wp-block-columns is-layout-flex wp-container-core-columns-is-layout-c2d6fa21 wp-block-columns-is-layout-flex\">\n<div class=\"wp-block-column is-layout-flow wp-block-column-is-layout-flow\">\n<figure class=\"wp-block-image size-large\"><img loading=\"lazy\" decoding=\"async\" width=\"1000\" height=\"702\" src=\"https:\/\/ru.law\/wp-content\/uploads\/2020\/09\/presse-ru-1.jpg\" alt=\"\" class=\"wp-image-7910\" style=\"box-shadow:var(--wp--preset--shadow--deep)\" srcset=\"https:\/\/ru.law\/wp-content\/uploads\/2020\/09\/presse-ru-1.jpg 1000w, https:\/\/ru.law\/wp-content\/uploads\/2020\/09\/presse-ru-1-300x211.jpg 300w, https:\/\/ru.law\/wp-content\/uploads\/2020\/09\/presse-ru-1-768x539.jpg 768w, https:\/\/ru.law\/wp-content\/uploads\/2020\/09\/presse-ru-1-500x351.jpg 500w, https:\/\/ru.law\/wp-content\/uploads\/2020\/09\/presse-ru-1-800x562.jpg 800w\" sizes=\"auto, (max-width: 1000px) 100vw, 1000px\" \/><\/figure>\n<\/div>\n\n\n\n<div class=\"wp-block-column is-vertically-aligned-center is-layout-flow wp-block-column-is-layout-flow\">\n<h3 class=\"wp-block-heading\" id=\"h-pressebereich\">persruimte<\/h3>\n\n\n\n<p>Regelmatig publiceren wij persberichten en columns in vakmedia, waarin wij alle relevante informatie over baanbrekende beslissingen en belangrijke ontwikkelingen samengevat voor u samenvatten.<\/p>\n\n\n\n<p>Ook vindt u hier een aantal persfoto&#039;s en contactgegevens van journalisten.<\/p>\n\n\n\n<div class=\"wp-block-buttons is-layout-flex wp-block-buttons-is-layout-flex\">\n<div class=\"wp-block-button cta__secondary\"><a class=\"wp-block-button__link wp-element-button\" href=\"https:\/\/ru.law\/nl\/service\/presse\/\" rel=\"\">Naar de persruimte<\/a><\/div>\n<\/div>\n<\/div>\n<\/div>\n<\/div><\/div>","protected":false},"excerpt":{"rendered":"<p>Unsere ServicesWir m\u00f6gen es, wenn die Dinge einfach sind Auf h\u00f6chste Qualit\u00e4t, Effizienz und Transparenz k\u00f6nnen Sie sich bei uns stets verlassen. Deshalb sind unsere [&hellip;]<\/p>\n","protected":false},"author":2,"featured_media":1660,"parent":0,"menu_order":0,"comment_status":"closed","ping_status":"closed","template":"","meta":{"_uag_custom_page_level_css":"","site-sidebar-layout":"default","site-content-layout":"default","ast-site-content-layout":"default","site-content-style":"default","site-sidebar-style":"default","ast-global-header-display":"","ast-banner-title-visibility":"","ast-main-header-display":"","ast-hfb-above-header-display":"","ast-hfb-below-header-display":"","ast-hfb-mobile-header-display":"","site-post-title":"disabled","ast-breadcrumbs-content":"","ast-featured-img":"disabled","footer-sml-layout":"","ast-disable-related-posts":"","theme-transparent-header-meta":"default","adv-header-id-meta":"","stick-header-meta":"","header-above-stick-meta":"","header-main-stick-meta":"","header-below-stick-meta":"","astra-migrate-meta-layouts":"set","ast-page-background-enabled":"default","ast-page-background-meta":{"desktop":{"background-color":"","background-image":"","background-repeat":"repeat","background-position":"center center","background-size":"auto","background-attachment":"scroll","background-type":"","background-media":"","overlay-type":"","overlay-color":"","overlay-opacity":"","overlay-gradient":""},"tablet":{"background-color":"","background-image":"","background-repeat":"repeat","background-position":"center center","background-size":"auto","background-attachment":"scroll","background-type":"","background-media":"","overlay-type":"","overlay-color":"","overlay-opacity":"","overlay-gradient":""},"mobile":{"background-color":"","background-image":"","background-repeat":"repeat","background-position":"center center","background-size":"auto","background-attachment":"scroll","background-type":"","background-media":"","overlay-type":"","overlay-color":"","overlay-opacity":"","overlay-gradient":""}},"ast-content-background-meta":{"desktop":{"background-color":"var(--ast-global-color-5)","background-image":"","background-repeat":"repeat","background-position":"center center","background-size":"auto","background-attachment":"scroll","background-type":"","background-media":"","overlay-type":"","overlay-color":"","overlay-opacity":"","overlay-gradient":""},"tablet":{"background-color":"var(--ast-global-color-5)","background-image":"","background-repeat":"repeat","background-position":"center center","background-size":"auto","background-attachment":"scroll","background-type":"","background-media":"","overlay-type":"","overlay-color":"","overlay-opacity":"","overlay-gradient":""},"mobile":{"background-color":"var(--ast-global-color-5)","background-image":"","background-repeat":"repeat","background-position":"center center","background-size":"auto","background-attachment":"scroll","background-type":"","background-media":"","overlay-type":"","overlay-color":"","overlay-opacity":"","overlay-gradient":""}},"footnotes":""},"class_list":["post-4310","page","type-page","status-publish","has-post-thumbnail","hentry"],"yoast_head":"<!-- This site is optimized with the Yoast SEO Premium plugin v27.4 (Yoast SEO v27.4) - https:\/\/yoast.com\/product\/yoast-seo-premium-wordpress\/ -->\n<title>Services: Online-Akte, Erstberatung, Prozesskostenfinanzierung - R&amp;U<\/title>\n<meta name=\"description\" content=\"Unsere Services f\u00fcr Sie: Online-Akte, Prozesskostenfinanzierung, Verbraucher-News und kompetente Beratung. Alles bequem und online!\" \/>\n<meta name=\"robots\" content=\"index, follow, max-snippet:-1, max-image-preview:large, max-video-preview:-1\" \/>\n<link rel=\"canonical\" href=\"https:\/\/ru.law\/nl\/service\/\" \/>\n<meta property=\"og:locale\" content=\"nl_NL\" \/>\n<meta property=\"og:type\" content=\"article\" \/>\n<meta property=\"og:title\" content=\"Service\" \/>\n<meta property=\"og:description\" content=\"Unsere Services f\u00fcr Sie: Online-Akte, Prozesskostenfinanzierung, Verbraucher-News und kompetente Beratung. Alles bequem und online!\" \/>\n<meta property=\"og:url\" content=\"https:\/\/ru.law\/nl\/service\/\" \/>\n<meta property=\"og:site_name\" content=\"R&amp;U\" \/>\n<meta property=\"article:publisher\" content=\"https:\/\/www.facebook.com\/RogertUlbrich\/\" \/>\n<meta property=\"article:modified_time\" content=\"2026-01-30T12:07:18+00:00\" \/>\n<meta name=\"twitter:card\" content=\"summary_large_image\" \/>\n<meta name=\"twitter:site\" content=\"@RogertUlbrich\" \/>\n<script type=\"application\/ld+json\" class=\"yoast-schema-graph\">{\"@context\":\"https:\\\/\\\/schema.org\",\"@graph\":[{\"@type\":\"WebPage\",\"@id\":\"https:\\\/\\\/ru.law\\\/service\\\/\",\"url\":\"https:\\\/\\\/ru.law\\\/service\\\/\",\"name\":\"Services: Online-Akte, Erstberatung, Prozesskostenfinanzierung - R&amp;U\",\"isPartOf\":{\"@id\":\"https:\\\/\\\/ru.law\\\/#website\"},\"primaryImageOfPage\":{\"@id\":\"https:\\\/\\\/ru.law\\\/service\\\/#primaryimage\"},\"image\":{\"@id\":\"https:\\\/\\\/ru.law\\\/service\\\/#primaryimage\"},\"thumbnailUrl\":\"\",\"datePublished\":\"2020-09-07T12:19:59+00:00\",\"dateModified\":\"2026-01-30T12:07:18+00:00\",\"description\":\"Unsere Services f\u00fcr Sie: Online-Akte, Prozesskostenfinanzierung, Verbraucher-News und kompetente Beratung. Alles bequem und online!\",\"breadcrumb\":{\"@id\":\"https:\\\/\\\/ru.law\\\/service\\\/#breadcrumb\"},\"inLanguage\":\"nl-NL\",\"potentialAction\":[{\"@type\":\"ReadAction\",\"target\":[\"https:\\\/\\\/ru.law\\\/service\\\/\"]}]},{\"@type\":\"ImageObject\",\"inLanguage\":\"nl-NL\",\"@id\":\"https:\\\/\\\/ru.law\\\/service\\\/#primaryimage\",\"url\":\"\",\"contentUrl\":\"\"},{\"@type\":\"BreadcrumbList\",\"@id\":\"https:\\\/\\\/ru.law\\\/service\\\/#breadcrumb\",\"itemListElement\":[{\"@type\":\"ListItem\",\"position\":1,\"name\":\"Startseite\",\"item\":\"https:\\\/\\\/ru.law\\\/\"},{\"@type\":\"ListItem\",\"position\":2,\"name\":\"Service\"}]},{\"@type\":\"WebSite\",\"@id\":\"https:\\\/\\\/ru.law\\\/#website\",\"url\":\"https:\\\/\\\/ru.law\\\/\",\"name\":\"R&U\",\"description\":\"Verbraucheranw\u00e4lte\",\"publisher\":{\"@id\":\"https:\\\/\\\/ru.law\\\/#organization\"},\"alternateName\":\"Rogert & Ulbrich\",\"potentialAction\":[{\"@type\":\"SearchAction\",\"target\":{\"@type\":\"EntryPoint\",\"urlTemplate\":\"https:\\\/\\\/ru.law\\\/?s={search_term_string}\"},\"query-input\":{\"@type\":\"PropertyValueSpecification\",\"valueRequired\":true,\"valueName\":\"search_term_string\"}}],\"inLanguage\":\"nl-NL\"},{\"@type\":\"Organization\",\"@id\":\"https:\\\/\\\/ru.law\\\/#organization\",\"name\":\"Kanzlei Rogert & Ulbrich\",\"url\":\"https:\\\/\\\/ru.law\\\/\",\"logo\":{\"@type\":\"ImageObject\",\"inLanguage\":\"nl-NL\",\"@id\":\"https:\\\/\\\/ru.law\\\/#\\\/schema\\\/logo\\\/image\\\/\",\"url\":\"https:\\\/\\\/ru.law\\\/wp-content\\\/uploads\\\/2020\\\/12\\\/logo-ru-law.svg\",\"contentUrl\":\"https:\\\/\\\/ru.law\\\/wp-content\\\/uploads\\\/2020\\\/12\\\/logo-ru-law.svg\",\"width\":992,\"height\":259,\"caption\":\"Kanzlei Rogert & Ulbrich\"},\"image\":{\"@id\":\"https:\\\/\\\/ru.law\\\/#\\\/schema\\\/logo\\\/image\\\/\"},\"sameAs\":[\"https:\\\/\\\/www.facebook.com\\\/RogertUlbrich\\\/\",\"https:\\\/\\\/x.com\\\/RogertUlbrich\",\"https:\\\/\\\/www.instagram.com\\\/rogertulbrich\\\/\",\"https:\\\/\\\/www.linkedin.com\\\/company\\\/rogert-ulbrich\\\/\",\"https:\\\/\\\/www.youtube.com\\\/channel\\\/UCganCgpvwpPFqMFf1vVmG2A\"]}]}<\/script>\n<!-- \/ Yoast SEO Premium plugin. -->","yoast_head_json":{"title":"Services: Online-Akte, Erstberatung, Prozesskostenfinanzierung - R&amp;U","description":"Unsere Services f\u00fcr Sie: Online-Akte, Prozesskostenfinanzierung, Verbraucher-News und kompetente Beratung. Alles bequem und online!","robots":{"index":"index","follow":"follow","max-snippet":"max-snippet:-1","max-image-preview":"max-image-preview:large","max-video-preview":"max-video-preview:-1"},"canonical":"https:\/\/ru.law\/nl\/service\/","og_locale":"nl_NL","og_type":"article","og_title":"Service","og_description":"Unsere Services f\u00fcr Sie: Online-Akte, Prozesskostenfinanzierung, Verbraucher-News und kompetente Beratung. Alles bequem und online!","og_url":"https:\/\/ru.law\/nl\/service\/","og_site_name":"R&amp;U","article_publisher":"https:\/\/www.facebook.com\/RogertUlbrich\/","article_modified_time":"2026-01-30T12:07:18+00:00","twitter_card":"summary_large_image","twitter_site":"@RogertUlbrich","schema":{"@context":"https:\/\/schema.org","@graph":[{"@type":"WebPage","@id":"https:\/\/ru.law\/service\/","url":"https:\/\/ru.law\/service\/","name":"Services: Online-Akte, Erstberatung, Prozesskostenfinanzierung - R&amp;U","isPartOf":{"@id":"https:\/\/ru.law\/#website"},"primaryImageOfPage":{"@id":"https:\/\/ru.law\/service\/#primaryimage"},"image":{"@id":"https:\/\/ru.law\/service\/#primaryimage"},"thumbnailUrl":"","datePublished":"2020-09-07T12:19:59+00:00","dateModified":"2026-01-30T12:07:18+00:00","description":"Unsere Services f\u00fcr Sie: Online-Akte, Prozesskostenfinanzierung, Verbraucher-News und kompetente Beratung. Alles bequem und online!","breadcrumb":{"@id":"https:\/\/ru.law\/service\/#breadcrumb"},"inLanguage":"nl-NL","potentialAction":[{"@type":"ReadAction","target":["https:\/\/ru.law\/service\/"]}]},{"@type":"ImageObject","inLanguage":"nl-NL","@id":"https:\/\/ru.law\/service\/#primaryimage","url":"","contentUrl":""},{"@type":"BreadcrumbList","@id":"https:\/\/ru.law\/service\/#breadcrumb","itemListElement":[{"@type":"ListItem","position":1,"name":"Startseite","item":"https:\/\/ru.law\/"},{"@type":"ListItem","position":2,"name":"Service"}]},{"@type":"WebSite","@id":"https:\/\/ru.law\/#website","url":"https:\/\/ru.law\/","name":"R&amp;U","description":"Consumentenadvocaten","publisher":{"@id":"https:\/\/ru.law\/#organization"},"alternateName":"Rogert & Ulbrich","potentialAction":[{"@type":"SearchAction","target":{"@type":"EntryPoint","urlTemplate":"https:\/\/ru.law\/?s={search_term_string}"},"query-input":{"@type":"PropertyValueSpecification","valueRequired":true,"valueName":"search_term_string"}}],"inLanguage":"nl-NL"},{"@type":"Organization","@id":"https:\/\/ru.law\/#organization","name":"Advocatenkantoor Rogert &amp; Ulbrich","url":"https:\/\/ru.law\/","logo":{"@type":"ImageObject","inLanguage":"nl-NL","@id":"https:\/\/ru.law\/#\/schema\/logo\/image\/","url":"https:\/\/ru.law\/wp-content\/uploads\/2020\/12\/logo-ru-law.svg","contentUrl":"https:\/\/ru.law\/wp-content\/uploads\/2020\/12\/logo-ru-law.svg","width":992,"height":259,"caption":"Kanzlei Rogert & Ulbrich"},"image":{"@id":"https:\/\/ru.law\/#\/schema\/logo\/image\/"},"sameAs":["https:\/\/www.facebook.com\/RogertUlbrich\/","https:\/\/x.com\/RogertUlbrich","https:\/\/www.instagram.com\/rogertulbrich\/","https:\/\/www.linkedin.com\/company\/rogert-ulbrich\/","https:\/\/www.youtube.com\/channel\/UCganCgpvwpPFqMFf1vVmG2A"]}]}},"uagb_featured_image_src":{"full":false,"thumbnail":false,"medium":false,"medium_large":false,"large":false,"1536x1536":false,"2048x2048":false,"trp-custom-language-flag":false},"uagb_author_info":{"display_name":"Stefan Selge","author_link":"https:\/\/ru.law\/nl\/author\/selge\/"},"uagb_comment_info":0,"uagb_excerpt":"Unsere ServicesWir m\u00f6gen es, wenn die Dinge einfach sind Auf h\u00f6chste Qualit\u00e4t, Effizienz und Transparenz k\u00f6nnen Sie sich bei uns stets verlassen. Deshalb sind unsere [&hellip;]","_links":{"self":[{"href":"https:\/\/ru.law\/nl\/wp-json\/wp\/v2\/pages\/4310","targetHints":{"allow":["GET"]}}],"collection":[{"href":"https:\/\/ru.law\/nl\/wp-json\/wp\/v2\/pages"}],"about":[{"href":"https:\/\/ru.law\/nl\/wp-json\/wp\/v2\/types\/page"}],"author":[{"embeddable":true,"href":"https:\/\/ru.law\/nl\/wp-json\/wp\/v2\/users\/2"}],"replies":[{"embeddable":true,"href":"https:\/\/ru.law\/nl\/wp-json\/wp\/v2\/comments?post=4310"}],"version-history":[{"count":0,"href":"https:\/\/ru.law\/nl\/wp-json\/wp\/v2\/pages\/4310\/revisions"}],"wp:featuredmedia":[{"embeddable":true,"href":"https:\/\/ru.law\/nl\/wp-json\/"}],"wp:attachment":[{"href":"https:\/\/ru.law\/nl\/wp-json\/wp\/v2\/media?parent=4310"}],"curies":[{"name":"wp","href":"https:\/\/api.w.org\/{rel}","templated":true}]}}