{"id":85797,"date":"2024-12-23T10:13:21","date_gmt":"2024-12-23T09:13:21","guid":{"rendered":"https:\/\/ru.law\/?page_id=85797"},"modified":"2024-12-23T11:13:19","modified_gmt":"2024-12-23T10:13:19","slug":"isc-unterlagen-hochladen","status":"publish","type":"page","link":"https:\/\/ru.law\/en\/isc-unterlagen-hochladen\/","title":{"rendered":"ISC \u2013 Upload documents"},"content":{"rendered":"<div class=\"wp-block-uagb-container uagb-block-9c44363a alignfull uagb-is-root-container\"><div class=\"uagb-container-inner-blocks-wrap\">Please select a valid form\n<\/div><\/div>\n\n\n\n<div id=\"downloads\" class=\"wp-block-uagb-container uagb-block-fb6be7dd alignfull uagb-is-root-container\"><div class=\"uagb-container-inner-blocks-wrap\">\n<h3 class=\"wp-block-heading\" id=\"h-dokumente-zum-thema-impfschaden\" style=\"padding-top:0px;padding-bottom:0px\">Documents on the subject of vaccine damage<\/h3>\n\n\n\n<div class=\"wp-block-uagb-icon-list uagb-block-62cd221c\"><div class=\"uagb-icon-list__wrap\">\n<div class=\"wp-block-uagb-icon-list-child uagb-block-34a0083b\"><a target=\"_blank\" aria-label=\"Documents for the Mandate Compensation for Vaccine Damage\" rel=\"noopener noreferrer\" href=\"https:\/\/ru.law\/en\/download\/Dokumente_Mandatserteilung_Schadensersatz_bei_Impfschaeden.pdf\/\"> <\/a><span class=\"uagb-icon-list__source-wrap\"><svg xmlns=\"https:\/\/www.w3.org\/2000\/svg\" viewbox=\"0 0 384 512\"><path d=\"M88 304H80V256H88C101.3 256 112 266.7 112 280C112 293.3 101.3 304 88 304zM192 256H200C208.8 256 216 263.2 216 272V336C216 344.8 208.8 352 200 352H192V256zM224 0V128C224 145.7 238.3 160 256 160H384V448C384 483.3 355.3 512 320 512H64C28.65 512 0 483.3 0 448V64C0 28.65 28.65 0 64 0H224zM64 224C55.16 224 48 231.2 48 240V368C48 376.8 55.16 384 64 384C72.84 384 80 376.8 80 368V336H88C118.9 336 144 310.9 144 280C144 249.1 118.9 224 88 224H64zM160 368C160 376.8 167.2 384 176 384H200C226.5 384 248 362.5 248 336V272C248 245.5 226.5 224 200 224H176C167.2 224 160 231.2 160 240V368zM288 224C279.2 224 272 231.2 272 240V368C272 376.8 279.2 384 288 384C296.8 384 304 376.8 304 368V320H336C344.8 320 352 312.8 352 304C352 295.2 344.8 288 336 288H304V256H336C344.8 256 352 248.8 352 240C352 231.2 344.8 224 336 224H288zM256 0L384 128H256V0z\"><\/path><\/svg><\/span><span class=\"uagb-icon-list__label\"><strong>Documents for the Mandate Compensation for Vaccine Damage<\/strong><\/span><\/div>\n\n\n\n<div class=\"wp-block-uagb-icon-list-child uagb-block-009168c2\"><a target=\"_blank\" aria-label=\"client information\" rel=\"noopener noreferrer\" href=\"https:\/\/ru.law\/en\/download\/Mandanteninformation_ISC.pdf\/\"> <\/a><span class=\"uagb-icon-list__source-wrap\"><svg xmlns=\"https:\/\/www.w3.org\/2000\/svg\" viewbox=\"0 0 384 512\"><path d=\"M88 304H80V256H88C101.3 256 112 266.7 112 280C112 293.3 101.3 304 88 304zM192 256H200C208.8 256 216 263.2 216 272V336C216 344.8 208.8 352 200 352H192V256zM224 0V128C224 145.7 238.3 160 256 160H384V448C384 483.3 355.3 512 320 512H64C28.65 512 0 483.3 0 448V64C0 28.65 28.65 0 64 0H224zM64 224C55.16 224 48 231.2 48 240V368C48 376.8 55.16 384 64 384C72.84 384 80 376.8 80 368V336H88C118.9 336 144 310.9 144 280C144 249.1 118.9 224 88 224H64zM160 368C160 376.8 167.2 384 176 384H200C226.5 384 248 362.5 248 336V272C248 245.5 226.5 224 200 224H176C167.2 224 160 231.2 160 240V368zM288 224C279.2 224 272 231.2 272 240V368C272 376.8 279.2 384 288 384C296.8 384 304 376.8 304 368V320H336C344.8 320 352 312.8 352 304C352 295.2 344.8 288 336 288H304V256H336C344.8 256 352 248.8 352 240C352 231.2 344.8 224 336 224H288zM256 0L384 128H256V0z\"><\/path><\/svg><\/span><span class=\"uagb-icon-list__label\"><strong>client information<\/strong><\/span><\/div>\n\n\n\n<div class=\"wp-block-uagb-icon-list-child uagb-block-0243e530\"><a target=\"_blank\" aria-label=\"requisition form IMD 1\" rel=\"noopener noreferrer\" href=\"https:\/\/ru.law\/en\/download\/Anforderungsschein_IMD_1.pdf\/\"> <\/a><span class=\"uagb-icon-list__source-wrap\"><svg xmlns=\"https:\/\/www.w3.org\/2000\/svg\" viewbox=\"0 0 384 512\"><path d=\"M88 304H80V256H88C101.3 256 112 266.7 112 280C112 293.3 101.3 304 88 304zM192 256H200C208.8 256 216 263.2 216 272V336C216 344.8 208.8 352 200 352H192V256zM224 0V128C224 145.7 238.3 160 256 160H384V448C384 483.3 355.3 512 320 512H64C28.65 512 0 483.3 0 448V64C0 28.65 28.65 0 64 0H224zM64 224C55.16 224 48 231.2 48 240V368C48 376.8 55.16 384 64 384C72.84 384 80 376.8 80 368V336H88C118.9 336 144 310.9 144 280C144 249.1 118.9 224 88 224H64zM160 368C160 376.8 167.2 384 176 384H200C226.5 384 248 362.5 248 336V272C248 245.5 226.5 224 200 224H176C167.2 224 160 231.2 160 240V368zM288 224C279.2 224 272 231.2 272 240V368C272 376.8 279.2 384 288 384C296.8 384 304 376.8 304 368V320H336C344.8 320 352 312.8 352 304C352 295.2 344.8 288 336 288H304V256H336C344.8 256 352 248.8 352 240C352 231.2 344.8 224 336 224H288zM256 0L384 128H256V0z\"><\/path><\/svg><\/span><span class=\"uagb-icon-list__label\"><strong>requisition form IMD 1<\/strong><\/span><\/div>\n\n\n\n<div class=\"wp-block-uagb-icon-list-child uagb-block-9ff7a5cf\"><a target=\"_blank\" aria-label=\"requisition form IMD 2\" rel=\"noopener noreferrer\" href=\"https:\/\/ru.law\/en\/download\/Anforderungsschein_IMD_2.pdf\/\"> <\/a><span class=\"uagb-icon-list__source-wrap\"><svg xmlns=\"https:\/\/www.w3.org\/2000\/svg\" viewbox=\"0 0 384 512\"><path d=\"M88 304H80V256H88C101.3 256 112 266.7 112 280C112 293.3 101.3 304 88 304zM192 256H200C208.8 256 216 263.2 216 272V336C216 344.8 208.8 352 200 352H192V256zM224 0V128C224 145.7 238.3 160 256 160H384V448C384 483.3 355.3 512 320 512H64C28.65 512 0 483.3 0 448V64C0 28.65 28.65 0 64 0H224zM64 224C55.16 224 48 231.2 48 240V368C48 376.8 55.16 384 64 384C72.84 384 80 376.8 80 368V336H88C118.9 336 144 310.9 144 280C144 249.1 118.9 224 88 224H64zM160 368C160 376.8 167.2 384 176 384H200C226.5 384 248 362.5 248 336V272C248 245.5 226.5 224 200 224H176C167.2 224 160 231.2 160 240V368zM288 224C279.2 224 272 231.2 272 240V368C272 376.8 279.2 384 288 384C296.8 384 304 376.8 304 368V320H336C344.8 320 352 312.8 352 304C352 295.2 344.8 288 336 288H304V256H336C344.8 256 352 248.8 352 240C352 231.2 344.8 224 336 224H288zM256 0L384 128H256V0z\"><\/path><\/svg><\/span><span class=\"uagb-icon-list__label\"><strong>requisition form IMD 2<\/strong><\/span><\/div>\n<\/div><\/div>\n\n\n\n<p>In order for us to process your claims as quickly as possible, we require you to fill out and sign the following documents and return them to&nbsp;<strong><a href=\"mailto:neuanfragen@ru.law\">neuanfragen@ru.law<\/a><\/strong>&nbsp;or&nbsp;<strong>by fax to 0211-81977199<\/strong>.<\/p>\n<\/div><\/div>","protected":false},"excerpt":{"rendered":"<p>Dokumente zum Thema Impfsch\u00e4den Damit wir Ihre Anspr\u00fcche so schnell wie m\u00f6glich geltend machen k\u00f6nnen, ben\u00f6tigen wir von Ihnen die folgenden Dokumente ausgef\u00fcllt und unterschrieben [&hellip;]<\/p>\n","protected":false},"author":2,"featured_media":0,"parent":0,"menu_order":0,"comment_status":"closed","ping_status":"closed","template":"","meta":{"_uag_custom_page_level_css":"","site-sidebar-layout":"default","site-content-layout":"","ast-site-content-layout":"default","site-content-style":"default","site-sidebar-style":"default","ast-global-header-display":"","ast-banner-title-visibility":"","ast-main-header-display":"","ast-hfb-above-header-display":"","ast-hfb-below-header-display":"","ast-hfb-mobile-header-display":"","site-post-title":"disabled","ast-breadcrumbs-content":"","ast-featured-img":"","footer-sml-layout":"","ast-disable-related-posts":"","theme-transparent-header-meta":"","adv-header-id-meta":"","stick-header-meta":"","header-above-stick-meta":"","header-main-stick-meta":"","header-below-stick-meta":"","astra-migrate-meta-layouts":"set","ast-page-background-enabled":"default","ast-page-background-meta":{"desktop":{"background-color":"","background-image":"","background-repeat":"repeat","background-position":"center center","background-size":"auto","background-attachment":"scroll","background-type":"","background-media":"","overlay-type":"","overlay-color":"","overlay-opacity":"","overlay-gradient":""},"tablet":{"background-color":"","background-image":"","background-repeat":"repeat","background-position":"center center","background-size":"auto","background-attachment":"scroll","background-type":"","background-media":"","overlay-type":"","overlay-color":"","overlay-opacity":"","overlay-gradient":""},"mobile":{"background-color":"","background-image":"","background-repeat":"repeat","background-position":"center center","background-size":"auto","background-attachment":"scroll","background-type":"","background-media":"","overlay-type":"","overlay-color":"","overlay-opacity":"","overlay-gradient":""}},"ast-content-background-meta":{"desktop":{"background-color":"var(--ast-global-color-5)","background-image":"","background-repeat":"repeat","background-position":"center center","background-size":"auto","background-attachment":"scroll","background-type":"","background-media":"","overlay-type":"","overlay-color":"","overlay-opacity":"","overlay-gradient":""},"tablet":{"background-color":"var(--ast-global-color-5)","background-image":"","background-repeat":"repeat","background-position":"center center","background-size":"auto","background-attachment":"scroll","background-type":"","background-media":"","overlay-type":"","overlay-color":"","overlay-opacity":"","overlay-gradient":""},"mobile":{"background-color":"var(--ast-global-color-5)","background-image":"","background-repeat":"repeat","background-position":"center center","background-size":"auto","background-attachment":"scroll","background-type":"","background-media":"","overlay-type":"","overlay-color":"","overlay-opacity":"","overlay-gradient":""}},"footnotes":""},"class_list":["post-85797","page","type-page","status-publish","hentry"],"yoast_head":"<!-- This site is optimized with the Yoast SEO Premium plugin v27.4 (Yoast SEO v27.4) - https:\/\/yoast.com\/product\/yoast-seo-premium-wordpress\/ -->\n<title>ISC - Unterlagen hochladen - R&amp;U<\/title>\n<meta name=\"robots\" content=\"index, follow, max-snippet:-1, max-image-preview:large, max-video-preview:-1\" \/>\n<link rel=\"canonical\" href=\"https:\/\/ru.law\/en\/isc-unterlagen-hochladen\/\" \/>\n<meta property=\"og:locale\" content=\"en_GB\" \/>\n<meta property=\"og:type\" content=\"article\" \/>\n<meta property=\"og:title\" content=\"ISC - Unterlagen hochladen\" \/>\n<meta property=\"og:description\" content=\"Dokumente zum Thema Impfsch\u00e4den Damit wir Ihre Anspr\u00fcche so schnell wie m\u00f6glich geltend machen k\u00f6nnen, ben\u00f6tigen wir von Ihnen die folgenden Dokumente ausgef\u00fcllt und unterschrieben [&hellip;]\" \/>\n<meta property=\"og:url\" content=\"https:\/\/ru.law\/en\/isc-unterlagen-hochladen\/\" \/>\n<meta property=\"og:site_name\" content=\"R&amp;U\" \/>\n<meta property=\"article:publisher\" content=\"https:\/\/www.facebook.com\/RogertUlbrich\/\" \/>\n<meta property=\"article:modified_time\" content=\"2024-12-23T10:13:19+00:00\" \/>\n<meta name=\"twitter:card\" content=\"summary_large_image\" \/>\n<meta name=\"twitter:site\" content=\"@RogertUlbrich\" \/>\n<script type=\"application\/ld+json\" class=\"yoast-schema-graph\">{\"@context\":\"https:\\\/\\\/schema.org\",\"@graph\":[{\"@type\":\"WebPage\",\"@id\":\"https:\\\/\\\/ru.law\\\/isc-unterlagen-hochladen\\\/\",\"url\":\"https:\\\/\\\/ru.law\\\/isc-unterlagen-hochladen\\\/\",\"name\":\"ISC - Unterlagen hochladen - R&amp;U\",\"isPartOf\":{\"@id\":\"https:\\\/\\\/ru.law\\\/#website\"},\"datePublished\":\"2024-12-23T09:13:21+00:00\",\"dateModified\":\"2024-12-23T10:13:19+00:00\",\"breadcrumb\":{\"@id\":\"https:\\\/\\\/ru.law\\\/isc-unterlagen-hochladen\\\/#breadcrumb\"},\"inLanguage\":\"en-GB\",\"potentialAction\":[{\"@type\":\"ReadAction\",\"target\":[\"https:\\\/\\\/ru.law\\\/isc-unterlagen-hochladen\\\/\"]}]},{\"@type\":\"BreadcrumbList\",\"@id\":\"https:\\\/\\\/ru.law\\\/isc-unterlagen-hochladen\\\/#breadcrumb\",\"itemListElement\":[{\"@type\":\"ListItem\",\"position\":1,\"name\":\"Startseite\",\"item\":\"https:\\\/\\\/ru.law\\\/\"},{\"@type\":\"ListItem\",\"position\":2,\"name\":\"ISC &#8211; Unterlagen hochladen\"}]},{\"@type\":\"WebSite\",\"@id\":\"https:\\\/\\\/ru.law\\\/#website\",\"url\":\"https:\\\/\\\/ru.law\\\/\",\"name\":\"R&U\",\"description\":\"Verbraucheranw\u00e4lte\",\"publisher\":{\"@id\":\"https:\\\/\\\/ru.law\\\/#organization\"},\"alternateName\":\"Rogert & Ulbrich\",\"potentialAction\":[{\"@type\":\"SearchAction\",\"target\":{\"@type\":\"EntryPoint\",\"urlTemplate\":\"https:\\\/\\\/ru.law\\\/?s={search_term_string}\"},\"query-input\":{\"@type\":\"PropertyValueSpecification\",\"valueRequired\":true,\"valueName\":\"search_term_string\"}}],\"inLanguage\":\"en-GB\"},{\"@type\":\"Organization\",\"@id\":\"https:\\\/\\\/ru.law\\\/#organization\",\"name\":\"Kanzlei Rogert & Ulbrich\",\"url\":\"https:\\\/\\\/ru.law\\\/\",\"logo\":{\"@type\":\"ImageObject\",\"inLanguage\":\"en-GB\",\"@id\":\"https:\\\/\\\/ru.law\\\/#\\\/schema\\\/logo\\\/image\\\/\",\"url\":\"https:\\\/\\\/ru.law\\\/wp-content\\\/uploads\\\/2020\\\/12\\\/logo-ru-law.svg\",\"contentUrl\":\"https:\\\/\\\/ru.law\\\/wp-content\\\/uploads\\\/2020\\\/12\\\/logo-ru-law.svg\",\"width\":992,\"height\":259,\"caption\":\"Kanzlei Rogert & Ulbrich\"},\"image\":{\"@id\":\"https:\\\/\\\/ru.law\\\/#\\\/schema\\\/logo\\\/image\\\/\"},\"sameAs\":[\"https:\\\/\\\/www.facebook.com\\\/RogertUlbrich\\\/\",\"https:\\\/\\\/x.com\\\/RogertUlbrich\",\"https:\\\/\\\/www.instagram.com\\\/rogertulbrich\\\/\",\"https:\\\/\\\/www.linkedin.com\\\/company\\\/rogert-ulbrich\\\/\",\"https:\\\/\\\/www.youtube.com\\\/channel\\\/UCganCgpvwpPFqMFf1vVmG2A\"]}]}<\/script>\n<!-- \/ Yoast SEO Premium plugin. -->","yoast_head_json":{"title":"ISC - Unterlagen hochladen - R&amp;U","robots":{"index":"index","follow":"follow","max-snippet":"max-snippet:-1","max-image-preview":"max-image-preview:large","max-video-preview":"max-video-preview:-1"},"canonical":"https:\/\/ru.law\/en\/isc-unterlagen-hochladen\/","og_locale":"en_GB","og_type":"article","og_title":"ISC - Unterlagen hochladen","og_description":"Dokumente zum Thema Impfsch\u00e4den Damit wir Ihre Anspr\u00fcche so schnell wie m\u00f6glich geltend machen k\u00f6nnen, ben\u00f6tigen wir von Ihnen die folgenden Dokumente ausgef\u00fcllt und unterschrieben [&hellip;]","og_url":"https:\/\/ru.law\/en\/isc-unterlagen-hochladen\/","og_site_name":"R&amp;U","article_publisher":"https:\/\/www.facebook.com\/RogertUlbrich\/","article_modified_time":"2024-12-23T10:13:19+00:00","twitter_card":"summary_large_image","twitter_site":"@RogertUlbrich","schema":{"@context":"https:\/\/schema.org","@graph":[{"@type":"WebPage","@id":"https:\/\/ru.law\/isc-unterlagen-hochladen\/","url":"https:\/\/ru.law\/isc-unterlagen-hochladen\/","name":"ISC - Unterlagen hochladen - R&amp;U","isPartOf":{"@id":"https:\/\/ru.law\/#website"},"datePublished":"2024-12-23T09:13:21+00:00","dateModified":"2024-12-23T10:13:19+00:00","breadcrumb":{"@id":"https:\/\/ru.law\/isc-unterlagen-hochladen\/#breadcrumb"},"inLanguage":"en-GB","potentialAction":[{"@type":"ReadAction","target":["https:\/\/ru.law\/isc-unterlagen-hochladen\/"]}]},{"@type":"BreadcrumbList","@id":"https:\/\/ru.law\/isc-unterlagen-hochladen\/#breadcrumb","itemListElement":[{"@type":"ListItem","position":1,"name":"Startseite","item":"https:\/\/ru.law\/"},{"@type":"ListItem","position":2,"name":"ISC &#8211; Unterlagen hochladen"}]},{"@type":"WebSite","@id":"https:\/\/ru.law\/#website","url":"https:\/\/ru.law\/","name":"R&amp;U","description":"Consumer lawyers","publisher":{"@id":"https:\/\/ru.law\/#organization"},"alternateName":"Rogert & Ulbrich","potentialAction":[{"@type":"SearchAction","target":{"@type":"EntryPoint","urlTemplate":"https:\/\/ru.law\/?s={search_term_string}"},"query-input":{"@type":"PropertyValueSpecification","valueRequired":true,"valueName":"search_term_string"}}],"inLanguage":"en-GB"},{"@type":"Organization","@id":"https:\/\/ru.law\/#organization","name":"Rogert &amp; Ulbrich Law Firm","url":"https:\/\/ru.law\/","logo":{"@type":"ImageObject","inLanguage":"en-GB","@id":"https:\/\/ru.law\/#\/schema\/logo\/image\/","url":"https:\/\/ru.law\/wp-content\/uploads\/2020\/12\/logo-ru-law.svg","contentUrl":"https:\/\/ru.law\/wp-content\/uploads\/2020\/12\/logo-ru-law.svg","width":992,"height":259,"caption":"Kanzlei Rogert & Ulbrich"},"image":{"@id":"https:\/\/ru.law\/#\/schema\/logo\/image\/"},"sameAs":["https:\/\/www.facebook.com\/RogertUlbrich\/","https:\/\/x.com\/RogertUlbrich","https:\/\/www.instagram.com\/rogertulbrich\/","https:\/\/www.linkedin.com\/company\/rogert-ulbrich\/","https:\/\/www.youtube.com\/channel\/UCganCgpvwpPFqMFf1vVmG2A"]}]}},"uagb_featured_image_src":{"full":false,"thumbnail":false,"medium":false,"medium_large":false,"large":false,"1536x1536":false,"2048x2048":false,"trp-custom-language-flag":false},"uagb_author_info":{"display_name":"Stefan Selge","author_link":"https:\/\/ru.law\/en\/author\/selge\/"},"uagb_comment_info":0,"uagb_excerpt":"Dokumente zum Thema Impfsch\u00e4den Damit wir Ihre Anspr\u00fcche so schnell wie m\u00f6glich geltend machen k\u00f6nnen, ben\u00f6tigen wir von Ihnen die folgenden Dokumente ausgef\u00fcllt und unterschrieben [&hellip;]","_links":{"self":[{"href":"https:\/\/ru.law\/en\/wp-json\/wp\/v2\/pages\/85797","targetHints":{"allow":["GET"]}}],"collection":[{"href":"https:\/\/ru.law\/en\/wp-json\/wp\/v2\/pages"}],"about":[{"href":"https:\/\/ru.law\/en\/wp-json\/wp\/v2\/types\/page"}],"author":[{"embeddable":true,"href":"https:\/\/ru.law\/en\/wp-json\/wp\/v2\/users\/2"}],"replies":[{"embeddable":true,"href":"https:\/\/ru.law\/en\/wp-json\/wp\/v2\/comments?post=85797"}],"version-history":[{"count":0,"href":"https:\/\/ru.law\/en\/wp-json\/wp\/v2\/pages\/85797\/revisions"}],"wp:attachment":[{"href":"https:\/\/ru.law\/en\/wp-json\/wp\/v2\/media?parent=85797"}],"curies":[{"name":"wp","href":"https:\/\/api.w.org\/{rel}","templated":true}]}}