{"id":25648,"date":"2022-02-08T13:32:19","date_gmt":"2022-02-08T12:32:19","guid":{"rendered":"https:\/\/ru.law\/?page_id=25648"},"modified":"2024-11-04T10:00:45","modified_gmt":"2024-11-04T09:00:45","slug":"online-beauftragung","status":"publish","type":"page","link":"https:\/\/ru.law\/en\/arbeitsrecht-kuendigungsschutz\/online-beauftragung\/","title":{"rendered":"online ordering"},"content":{"rendered":"\n<div id=\"erstberatung\" class=\"wp-block-uagb-container uagb-block-3c23f02c alignfull uagb-is-root-container\"><div class=\"uagb-container-inner-blocks-wrap\"><link rel='stylesheet' id='formidable-css' href='https:\/\/ru.law\/wp-content\/plugins\/formidable\/css\/formidableforms.css?ver=3191349' media='all' \/>\n<div class=\"frm_forms  with_frm_style frm_style_formidable-style\" id=\"frm_form_18_container\" >\n<form enctype=\"multipart\/form-data\" method=\"post\" class=\"frm-show-form  frm_pro_form \" id=\"form_ar-kndigungsschutz-neuanfrage\" >\n<div class=\"frm_form_fields  frm_page_num_1\">\n<fieldset>\n<legend class=\"frm_screen_reader\">ARK - Neuanfrage<\/legend>\r\n\r\n<div class=\"frm_fields_container\">\n<input type=\"hidden\" name=\"frm_action\" value=\"create\" \/>\n<input type=\"hidden\" name=\"form_id\" value=\"18\" \/>\n<input type=\"hidden\" name=\"frm_hide_fields_18\" id=\"frm_hide_fields_18\" value=\"\" \/>\n<input type=\"hidden\" name=\"form_key\" value=\"ar-kndigungsschutz-neuanfrage\" \/>\n<input type=\"hidden\" name=\"item_meta[0]\" value=\"\" \/>\n<input type=\"hidden\" id=\"frm_submit_entry_18\" name=\"frm_submit_entry_18\" value=\"387ed64304\" \/><input type=\"hidden\" name=\"_wp_http_referer\" value=\"\/en\/wp-json\/wp\/v2\/pages\/25648\" \/>\t\t<input  type=\"hidden\" name=\"item_meta[498]\" id=\"field_i5f94\" value=\"ARK\"  data-frmval=\"ARK\"   \/>\n\t\t<div id=\"frm_field_457_container\" class=\"frm_form_field  frm12 frm_first frm_html_container form-field\">\n<h1 class=\"has-text-align-left has-ghostkit-color-blue-1-color has-text-color\" id=\"h-online-beauftragung-kundigungsschutzklage\">Online Beauftragung <strong><strong>K\u00fcndigungsschutzklage<\/strong><\/strong><\/h1>\n<h3>Soforthilfe bei K\u00fcndigung:<br \/>Reagieren Sie noch heute, um Ihren Arbeitsplatz zu retten oder um eine Abfindung zu erhalten.<\/h3>\n<p class=\"formP\">F\u00fcr eine bestm\u00f6gliche Beratung halten Sie bitte die folgenden Dokumente bereit:<br \/>\n<b>Arbeitsvertrag<\/b>, <b>K\u00fcndigung<\/b> und <b>Lohnabrechnung<\/b> der letzten 3 Monate\n<\/p>\n<p class=\"formP\">\n<strong>Bitte beachten Sie:<\/strong><br \/>Die Zustellung Ihrer K\u00fcndigung darf maximal 18 Tage zur\u00fcckliegen, damit wir die Fristen zur Einreichung Ihrer Klage wahren k\u00f6nnen.\n<\/p>\n<\/div>\n<input type=\"hidden\" name=\"frm_page_order_18\" id=\"frm_page_order_18\" value=\"6\" \/>\t\t<input  type=\"hidden\" name=\"item_meta[387]\" id=\"field_jz0l1\" value=\"\"     \/>\n\t\t\t\t<input  type=\"hidden\" name=\"item_meta[393]\" id=\"field_bbk6s\" value=\"\"  data-sectionid=\"387\"     \/>\n\t\t\t\t<input  type=\"hidden\" name=\"item_meta[395]\" id=\"field_iwxeg\" value=\"\"  data-sectionid=\"387\"     \/>\n\t\t\t\t<input  type=\"hidden\" name=\"item_meta[392]\" id=\"field_yw2r2\" value=\"\"  data-sectionid=\"387\"     \/>\n\t\t\t\t<input  type=\"hidden\" name=\"item_meta[459]\" id=\"field_x95b3\" value=\"\"  data-sectionid=\"387\"     \/>\n\t\t\t\t<input  type=\"hidden\" name=\"item_meta[429]\" id=\"field_5cv13-0\" value=\"\"  data-sectionid=\"387\"     \/>\n\t\t\t\t<input  type=\"hidden\" name=\"item_meta[430]\" id=\"field_35085a-0\" value=\"\"  data-sectionid=\"387\"     \/>\n\t\t\t\t<input  type=\"hidden\" name=\"item_meta[408]\" id=\"field_riqjb-0\" value=\"\"  data-sectionid=\"387\"     \/>\n\t\t\t\t<input  type=\"hidden\" name=\"item_meta[433]\" id=\"field_z7nxj\" value=\"\"  data-sectionid=\"387\"     \/>\n\t\t\t\t<input  type=\"hidden\" name=\"item_meta[409]\" id=\"field_6hmdm\" value=\"\"  data-sectionid=\"387\"     \/>\n\t\t\t\t<input  type=\"hidden\" name=\"item_meta[432]\" id=\"field_hjr0e\" value=\"\"  data-sectionid=\"387\"     \/>\n\t\t\t\t<input  type=\"hidden\" name=\"item_meta[410]\" id=\"field_2ygxp-0\" value=\"\"  data-sectionid=\"387\"     \/>\n\t\t\t\t<input  type=\"hidden\" name=\"item_meta[411]\" id=\"field_xvr3s-0\" value=\"\"  data-sectionid=\"387\"     \/>\n\t\t\t\t<input  type=\"hidden\" name=\"item_meta[377]\" id=\"field_cucv4\" value=\"\"     \/>\n\t\t\t\t<input  type=\"hidden\" name=\"item_meta[440]\" id=\"field_d0dnc\" value=\"\"     \/>\n\t\t\t\t<input  type=\"hidden\" name=\"item_meta[415]\" id=\"field_gtcdi\" value=\"\"     \/>\n\t\t\t\t<input  type=\"hidden\" name=\"item_meta[389]\" id=\"field_ou2hs\" value=\"\"  data-sectionid=\"415\"     \/>\n\t\t\t\t<input  type=\"hidden\" name=\"item_meta[390]\" id=\"field_kau6m\" value=\"\"  data-sectionid=\"415\"     \/>\n\t\t\t\t<input  type=\"hidden\" name=\"item_meta[391]\" id=\"field_evwy5\" value=\"\"  data-sectionid=\"415\"     \/>\n\t\t\t\t<input  type=\"hidden\" name=\"item_meta[427]\" id=\"field_aya7d-0\" value=\"\"  data-sectionid=\"415\"     \/>\n\t\t\t\t<input  type=\"hidden\" name=\"item_meta[474]\" id=\"field_tski3-0\" value=\"\"  data-sectionid=\"415\"     \/>\n\t\t\t\t<input  type=\"hidden\" name=\"item_meta[475]\" id=\"field_71r78\" value=\"\"  data-sectionid=\"415\"     \/>\n\t\t\t\t<input  type=\"hidden\" name=\"item_meta[476]\" id=\"field_hq78o-0\" value=\"\"  data-sectionid=\"415\"     \/>\n\t\t\t\t<input  type=\"hidden\" name=\"item_meta[477]\" id=\"field_mbrm4\" value=\"\"  data-sectionid=\"415\"     \/>\n\t\t\t\t<input  type=\"hidden\" name=\"item_meta[478]\" id=\"field_o2883-0\" value=\"\"  data-sectionid=\"415\"     \/>\n\t\t\t\t<input  type=\"hidden\" name=\"item_meta[479]\" id=\"field_a5cy3\" value=\"\"  data-sectionid=\"415\"     \/>\n\t\t\t\t<input  type=\"hidden\" name=\"item_meta[473]\" id=\"field_v8k31-0\" value=\"\"  data-sectionid=\"415\"     \/>\n\t\t\t\t<input  type=\"hidden\" name=\"item_meta[428]\" id=\"field_kf27r\" value=\"\"  data-sectionid=\"415\"     \/>\n\t\t\t\t<input  type=\"hidden\" name=\"item_meta[416]\" id=\"field_pn3hg\" value=\"\"     \/>\n\t\t\t\t<input  type=\"hidden\" name=\"item_meta[441]\" id=\"field_78dj1\" value=\"\"     \/>\n\t\t\t\t<input  type=\"hidden\" name=\"item_meta[385]\" id=\"field_o78o5\" value=\"\"     \/>\n\t\t\t\t<input  type=\"hidden\" name=\"item_meta[374]\" id=\"field_rv8bp\" value=\"\"  data-sectionid=\"385\"     \/>\n\t\t\t\t<input  type=\"hidden\" name=\"item_meta[378]\" id=\"field_5vlla\" value=\"\"  data-sectionid=\"385\"     \/>\n\t\t\t\t<input  type=\"hidden\" name=\"item_meta[375]\" id=\"field_cp37o\" value=\"\"  data-sectionid=\"385\"     \/>\n\t\t\t\t<input  type=\"hidden\" name=\"item_meta[413]\" id=\"field_lm3t8\" value=\"\"  data-sectionid=\"385\"     \/>\n\t\t\t\t<input  type=\"hidden\" name=\"item_meta[414]\" id=\"field_o0p5u\" value=\"\"  data-sectionid=\"385\"     \/>\n\t\t\t\t<input  type=\"hidden\" name=\"item_meta[425]\" id=\"field_m0e5z-0\" value=\"\"  data-sectionid=\"385\"     \/>\n\t\t\t\t<input  type=\"hidden\" name=\"item_meta[381]\" id=\"field_iwx2u\" value=\"\"  data-sectionid=\"385\"     \/>\n\t\t\t\t<input  type=\"hidden\" name=\"item_meta[382]\" id=\"field_f5qrm-0\" value=\"\"  data-sectionid=\"385\"     \/>\n\t\t\t\t<input  type=\"hidden\" name=\"item_meta[426]\" id=\"field_n5mig-0\" value=\"\"  data-sectionid=\"385\"     \/>\n\t\t\t\t<input  type=\"hidden\" name=\"item_meta[386]\" id=\"field_1j5wl\" value=\"\"     \/>\n\t\t\t\t<input  type=\"hidden\" name=\"item_meta[442]\" id=\"field_adu8f\" value=\"\"     \/>\n\t\t\t\t<input  type=\"hidden\" name=\"item_meta[401]\" id=\"field_n0tqc\" value=\"\"     \/>\n\t\t\t\t<input  type=\"hidden\" name=\"item_meta[471]\" id=\"field_bmxta-0\" value=\"\"  data-sectionid=\"401\"     \/>\n\t\t\t\t<input  type=\"hidden\" name=\"item_meta[472]\" id=\"field_dpkiq-0\" value=\"\"  data-sectionid=\"401\"     \/>\n\t\t\t\t<input  type=\"hidden\" name=\"item_meta[418]\" id=\"field_kb35c\" value=\"\"  data-sectionid=\"401\"     \/>\n\t\t\t\t<input  type=\"hidden\" name=\"item_meta[419]\" id=\"field_md4c7\" value=\"\"  data-sectionid=\"401\"     \/>\n\t\t\t\t<input  type=\"hidden\" name=\"item_meta[502]\" id=\"field_ov8dt\" value=\"\"  data-sectionid=\"401\"     \/>\n\t\t\t\t<input  type=\"hidden\" name=\"item_meta[503]\" id=\"field_xu8m0\" value=\"\"  data-sectionid=\"401\"     \/>\n\t\t\t\t<input  type=\"hidden\" name=\"item_meta[504]\" id=\"field_817o8\" value=\"\"  data-sectionid=\"401\"     \/>\n\t\t\t\t<input  type=\"hidden\" name=\"item_meta[420]\" id=\"field_ltgt6\" value=\"\"  data-sectionid=\"401\"     \/>\n\t\t\t\t<input  type=\"hidden\" name=\"item_meta[421]\" id=\"field_skzpg\" value=\"\"  data-sectionid=\"401\"     \/>\n\t\t\t\t<input  type=\"hidden\" name=\"item_meta[403]\" id=\"field_bwg96\" value=\"\"  data-sectionid=\"401\"     \/>\n\t\t\t\t<input  type=\"hidden\" name=\"item_meta[417]\" id=\"field_w4pmz-0\" value=\"\"  data-sectionid=\"401\"     \/>\n\t\t\t\t<input  type=\"hidden\" name=\"item_meta[406]\" id=\"field_i6a0w\" value=\"0\"  data-sectionid=\"401\"  data-frmval=\"0\"   \/>\n\t\t\t\t<input  type=\"hidden\" name=\"item_meta[480]\" id=\"field_wdtp1-0\" value=\"\"  data-sectionid=\"401\"     \/>\n\t\t\t\t<input  type=\"hidden\" name=\"item_meta[435]\" id=\"field_3he3l-0\" value=\"\"  data-sectionid=\"401\"     \/>\n\t\t\t\t<input  type=\"hidden\" name=\"item_meta[447]\" id=\"field_web1f\" value=\"\"  data-sectionid=\"401\"     \/>\n\t\t\t\t<input  type=\"hidden\" name=\"item_meta[437]\" id=\"field_dxukn\" value=\"\"  data-sectionid=\"401\"     \/>\n\t\t\t\t<input  type=\"hidden\" name=\"item_meta[454]\" id=\"field_xezyk\" value=\"\"  data-sectionid=\"401\"     \/>\n\t\t\t\t<input  type=\"hidden\" name=\"item_meta[402]\" id=\"field_8kegb\" value=\"\"     \/>\n\t\t\t\t<input  type=\"hidden\" name=\"item_meta[456]\" id=\"field_xyxdy\" value=\"\"     \/>\n\t\t\t\t<input  type=\"hidden\" name=\"item_meta[396]\" id=\"field_eiufw\" value=\"\"     \/>\n\t\t\t\t<input  type=\"hidden\" name=\"item_meta[398]\" id=\"field_85gye\" value=\"\"  data-sectionid=\"396\"     \/>\n\t\t\t\t<input  type=\"hidden\" name=\"item_meta[399]\" id=\"field_285x9\" value=\"\"  data-sectionid=\"396\"     \/>\n\t\t\t\t<input  type=\"hidden\" name=\"item_meta[400]\" id=\"field_p0p8m\" value=\"\"  data-sectionid=\"396\"     \/>\n\t\t\t\t<input  type=\"hidden\" name=\"item_meta[431]\" id=\"field_lho0t\" value=\"\"  data-sectionid=\"396\"     \/>\n\t\t\t\t<input  type=\"hidden\" name=\"item_meta[397]\" id=\"field_j2prv\" value=\"\"     \/>\n\t\t\t\t<input  type=\"hidden\" name=\"item_meta[547]\" id=\"field_72zrv\" value=\"\"     \/>\n\t\t\t\t<input  type=\"hidden\" name=\"item_meta[469]\" id=\"field_lhwlc\" value=\"\"  data-sectionid=\"547\"     \/>\n\t\t\t\t<input  type=\"hidden\" name=\"item_meta[548]\" id=\"field_of4k1\" value=\"\"     \/>\n\t\t\t\t<input  type=\"hidden\" name=\"item_meta[470]\" id=\"field_c9bkd-0\" value=\"\"     \/>\n\t\t<input type=\"hidden\" name=\"item_meta[1587]\" id=\"field_k530u\" value=\"\" \/>\n\t\t\t\t\t<input  type=\"hidden\" name=\"item_meta[761]\" id=\"field_zbryl\" value=\"\"     \/>\n\t\t\t\t<input  type=\"hidden\" name=\"item_meta[466]\" id=\"field_zyhbv\" value=\"\"     \/>\n\t\t\t\t<input  type=\"hidden\" name=\"item_meta[517]\" id=\"field_a85u4\" value=\"Neu\"  data-sectionid=\"466\"  data-frmval=\"Neu\"   \/>\n\t\t\t\t<input  type=\"hidden\" name=\"item_meta[674]\" id=\"field_jb140-0\" value=\"\"  data-sectionid=\"466\"     \/>\n\t\t\t\t<input  type=\"hidden\" name=\"item_meta[675]\" id=\"field_31xu0\" value=\"\"  data-sectionid=\"466\"     \/>\n\t\t\t\t<input  type=\"hidden\" name=\"item_meta[467]\" id=\"field_2r5qp\" value=\"\"     \/>\n\t\t<input type=\"hidden\" name=\"item_meta[663]\" id=\"field_dt9xb\" value=\"\" \/>\n\t\t\t\t\t<input  type=\"hidden\" name=\"item_meta[830]\" id=\"field_d6zji\" value=\"\"     \/>\n\t\t\t\t<input  type=\"hidden\" name=\"item_meta[832]\" id=\"field_nhegr-0\" value=\"\"  data-sectionid=\"830\"     \/>\n\t\t\t\t<input  type=\"hidden\" name=\"item_meta[831]\" id=\"field_i3h4p\" value=\"\"     \/>\n\t\t<input type=\"hidden\" name=\"item_meta[438]\" id=\"field_9zx9u\" value=\"\" data-frmval=\"\"\/>\n\t\t<input  type=\"hidden\" name=\"item_meta[1872]\" id=\"field_pxh6e\" value=\"\"     \/>\n\t\t\t<input type=\"hidden\" name=\"item_key\" value=\"\" \/>\n\t\t\t<div id=\"frm_field_2572_container\">\n\t\t\t<label for=\"field_6e9bh\" >\n\t\t\t\tIf you are human, leave this field blank.\t\t\t<\/label>\n\t\t\t<input  id=\"field_6e9bh\" type=\"text\" class=\"frm_form_field form-field frm_verify\" name=\"item_meta[2572]\" value=\"\"  \/>\n\t\t<\/div>\n\t\t<input name=\"frm_state\" type=\"hidden\" value=\"RJmf59sA0enrGkYZwD9iTD3TrwwlVax+vnm2aGmuwxSFWh2RFqJasrbcAOS8thHD\" \/><div class=\"frm_submit\">\r\n\r\n<button class=\"frm_button_submit\" type=\"submit\"  >Jetzt Online Beauftragung starten<\/button>\r\n\r\n<\/div><\/div>\n<\/fieldset>\n<\/div>\n\n<\/form>\n<\/div>\n\n<\/div><\/div>\n","protected":false},"excerpt":{"rendered":"","protected":false},"author":2,"featured_media":0,"parent":25047,"menu_order":0,"comment_status":"closed","ping_status":"closed","template":"","meta":{"_uag_custom_page_level_css":"","site-sidebar-layout":"default","site-content-layout":"","ast-site-content-layout":"default","site-content-style":"default","site-sidebar-style":"default","ast-global-header-display":"","ast-banner-title-visibility":"","ast-main-header-display":"","ast-hfb-above-header-display":"","ast-hfb-below-header-display":"","ast-hfb-mobile-header-display":"","site-post-title":"disabled","ast-breadcrumbs-content":"","ast-featured-img":"","footer-sml-layout":"","ast-disable-related-posts":"","theme-transparent-header-meta":"","adv-header-id-meta":"","stick-header-meta":"","header-above-stick-meta":"","header-main-stick-meta":"","header-below-stick-meta":"","astra-migrate-meta-layouts":"set","ast-page-background-enabled":"default","ast-page-background-meta":{"desktop":{"background-color":"","background-image":"","background-repeat":"repeat","background-position":"center center","background-size":"auto","background-attachment":"scroll","background-type":"","background-media":"","overlay-type":"","overlay-color":"","overlay-opacity":"","overlay-gradient":""},"tablet":{"background-color":"","background-image":"","background-repeat":"repeat","background-position":"center center","background-size":"auto","background-attachment":"scroll","background-type":"","background-media":"","overlay-type":"","overlay-color":"","overlay-opacity":"","overlay-gradient":""},"mobile":{"background-color":"","background-image":"","background-repeat":"repeat","background-position":"center center","background-size":"auto","background-attachment":"scroll","background-type":"","background-media":"","overlay-type":"","overlay-color":"","overlay-opacity":"","overlay-gradient":""}},"ast-content-background-meta":{"desktop":{"background-color":"var(--ast-global-color-5)","background-image":"","background-repeat":"repeat","background-position":"center center","background-size":"auto","background-attachment":"scroll","background-type":"","background-media":"","overlay-type":"","overlay-color":"","overlay-opacity":"","overlay-gradient":""},"tablet":{"background-color":"var(--ast-global-color-5)","background-image":"","background-repeat":"repeat","background-position":"center center","background-size":"auto","background-attachment":"scroll","background-type":"","background-media":"","overlay-type":"","overlay-color":"","overlay-opacity":"","overlay-gradient":""},"mobile":{"background-color":"var(--ast-global-color-5)","background-image":"","background-repeat":"repeat","background-position":"center center","background-size":"auto","background-attachment":"scroll","background-type":"","background-media":"","overlay-type":"","overlay-color":"","overlay-opacity":"","overlay-gradient":""}},"footnotes":""},"class_list":["post-25648","page","type-page","status-publish","hentry"],"yoast_head":"<!-- This site is optimized with the Yoast SEO Premium plugin v27.4 (Yoast SEO v27.4) - https:\/\/yoast.com\/product\/yoast-seo-premium-wordpress\/ -->\n<title>Online Beauftragung - R&amp;U<\/title>\n<meta name=\"robots\" content=\"index, follow, max-snippet:-1, max-image-preview:large, max-video-preview:-1\" \/>\n<link rel=\"canonical\" href=\"https:\/\/ru.law\/en\/arbeitsrecht-kuendigungsschutz\/online-beauftragung\/\" \/>\n<meta property=\"og:locale\" content=\"en_GB\" \/>\n<meta property=\"og:type\" content=\"article\" \/>\n<meta property=\"og:title\" content=\"Online Beauftragung\" \/>\n<meta property=\"og:url\" content=\"https:\/\/ru.law\/en\/arbeitsrecht-kuendigungsschutz\/online-beauftragung\/\" \/>\n<meta property=\"og:site_name\" content=\"R&amp;U\" \/>\n<meta property=\"article:publisher\" content=\"https:\/\/www.facebook.com\/RogertUlbrich\/\" \/>\n<meta property=\"article:modified_time\" content=\"2024-11-04T09:00:45+00:00\" \/>\n<meta name=\"twitter:card\" content=\"summary_large_image\" \/>\n<meta name=\"twitter:site\" content=\"@RogertUlbrich\" \/>\n<script type=\"application\/ld+json\" class=\"yoast-schema-graph\">{\"@context\":\"https:\\\/\\\/schema.org\",\"@graph\":[{\"@type\":\"WebPage\",\"@id\":\"https:\\\/\\\/ru.law\\\/arbeitsrecht-kuendigungsschutz\\\/online-beauftragung\\\/\",\"url\":\"https:\\\/\\\/ru.law\\\/arbeitsrecht-kuendigungsschutz\\\/online-beauftragung\\\/\",\"name\":\"Online Beauftragung - R&amp;U\",\"isPartOf\":{\"@id\":\"https:\\\/\\\/ru.law\\\/#website\"},\"datePublished\":\"2022-02-08T12:32:19+00:00\",\"dateModified\":\"2024-11-04T09:00:45+00:00\",\"breadcrumb\":{\"@id\":\"https:\\\/\\\/ru.law\\\/arbeitsrecht-kuendigungsschutz\\\/online-beauftragung\\\/#breadcrumb\"},\"inLanguage\":\"en-GB\",\"potentialAction\":[{\"@type\":\"ReadAction\",\"target\":[\"https:\\\/\\\/ru.law\\\/arbeitsrecht-kuendigungsschutz\\\/online-beauftragung\\\/\"]}]},{\"@type\":\"BreadcrumbList\",\"@id\":\"https:\\\/\\\/ru.law\\\/arbeitsrecht-kuendigungsschutz\\\/online-beauftragung\\\/#breadcrumb\",\"itemListElement\":[{\"@type\":\"ListItem\",\"position\":1,\"name\":\"Startseite\",\"item\":\"https:\\\/\\\/ru.law\\\/\"},{\"@type\":\"ListItem\",\"position\":2,\"name\":\"Arbeitsrecht-K\u00fcndigungsschutz\",\"item\":\"https:\\\/\\\/ru.law\\\/arbeitsrecht-kuendigungsschutz\\\/\"},{\"@type\":\"ListItem\",\"position\":3,\"name\":\"Online Beauftragung\"}]},{\"@type\":\"WebSite\",\"@id\":\"https:\\\/\\\/ru.law\\\/#website\",\"url\":\"https:\\\/\\\/ru.law\\\/\",\"name\":\"R&U\",\"description\":\"Verbraucheranw\u00e4lte\",\"publisher\":{\"@id\":\"https:\\\/\\\/ru.law\\\/#organization\"},\"alternateName\":\"Rogert & Ulbrich\",\"potentialAction\":[{\"@type\":\"SearchAction\",\"target\":{\"@type\":\"EntryPoint\",\"urlTemplate\":\"https:\\\/\\\/ru.law\\\/?s={search_term_string}\"},\"query-input\":{\"@type\":\"PropertyValueSpecification\",\"valueRequired\":true,\"valueName\":\"search_term_string\"}}],\"inLanguage\":\"en-GB\"},{\"@type\":\"Organization\",\"@id\":\"https:\\\/\\\/ru.law\\\/#organization\",\"name\":\"Kanzlei Rogert & Ulbrich\",\"url\":\"https:\\\/\\\/ru.law\\\/\",\"logo\":{\"@type\":\"ImageObject\",\"inLanguage\":\"en-GB\",\"@id\":\"https:\\\/\\\/ru.law\\\/#\\\/schema\\\/logo\\\/image\\\/\",\"url\":\"https:\\\/\\\/ru.law\\\/wp-content\\\/uploads\\\/2020\\\/12\\\/logo-ru-law.svg\",\"contentUrl\":\"https:\\\/\\\/ru.law\\\/wp-content\\\/uploads\\\/2020\\\/12\\\/logo-ru-law.svg\",\"width\":992,\"height\":259,\"caption\":\"Kanzlei Rogert & Ulbrich\"},\"image\":{\"@id\":\"https:\\\/\\\/ru.law\\\/#\\\/schema\\\/logo\\\/image\\\/\"},\"sameAs\":[\"https:\\\/\\\/www.facebook.com\\\/RogertUlbrich\\\/\",\"https:\\\/\\\/x.com\\\/RogertUlbrich\",\"https:\\\/\\\/www.instagram.com\\\/rogertulbrich\\\/\",\"https:\\\/\\\/www.linkedin.com\\\/company\\\/rogert-ulbrich\\\/\",\"https:\\\/\\\/www.youtube.com\\\/channel\\\/UCganCgpvwpPFqMFf1vVmG2A\"]}]}<\/script>\n<!-- \/ Yoast SEO Premium plugin. -->","yoast_head_json":{"title":"Online order placement - R&amp;U","robots":{"index":"index","follow":"follow","max-snippet":"max-snippet:-1","max-image-preview":"max-image-preview:large","max-video-preview":"max-video-preview:-1"},"canonical":"https:\/\/ru.law\/en\/arbeitsrecht-kuendigungsschutz\/online-beauftragung\/","og_locale":"en_GB","og_type":"article","og_title":"Online Beauftragung","og_url":"https:\/\/ru.law\/en\/arbeitsrecht-kuendigungsschutz\/online-beauftragung\/","og_site_name":"R&amp;U","article_publisher":"https:\/\/www.facebook.com\/RogertUlbrich\/","article_modified_time":"2024-11-04T09:00:45+00:00","twitter_card":"summary_large_image","twitter_site":"@RogertUlbrich","schema":{"@context":"https:\/\/schema.org","@graph":[{"@type":"WebPage","@id":"https:\/\/ru.law\/arbeitsrecht-kuendigungsschutz\/online-beauftragung\/","url":"https:\/\/ru.law\/arbeitsrecht-kuendigungsschutz\/online-beauftragung\/","name":"Online order placement - R&amp;U","isPartOf":{"@id":"https:\/\/ru.law\/#website"},"datePublished":"2022-02-08T12:32:19+00:00","dateModified":"2024-11-04T09:00:45+00:00","breadcrumb":{"@id":"https:\/\/ru.law\/arbeitsrecht-kuendigungsschutz\/online-beauftragung\/#breadcrumb"},"inLanguage":"en-GB","potentialAction":[{"@type":"ReadAction","target":["https:\/\/ru.law\/arbeitsrecht-kuendigungsschutz\/online-beauftragung\/"]}]},{"@type":"BreadcrumbList","@id":"https:\/\/ru.law\/arbeitsrecht-kuendigungsschutz\/online-beauftragung\/#breadcrumb","itemListElement":[{"@type":"ListItem","position":1,"name":"Startseite","item":"https:\/\/ru.law\/"},{"@type":"ListItem","position":2,"name":"Arbeitsrecht-K\u00fcndigungsschutz","item":"https:\/\/ru.law\/arbeitsrecht-kuendigungsschutz\/"},{"@type":"ListItem","position":3,"name":"Online Beauftragung"}]},{"@type":"WebSite","@id":"https:\/\/ru.law\/#website","url":"https:\/\/ru.law\/","name":"R&amp;U","description":"Consumer lawyers","publisher":{"@id":"https:\/\/ru.law\/#organization"},"alternateName":"Rogert & Ulbrich","potentialAction":[{"@type":"SearchAction","target":{"@type":"EntryPoint","urlTemplate":"https:\/\/ru.law\/?s={search_term_string}"},"query-input":{"@type":"PropertyValueSpecification","valueRequired":true,"valueName":"search_term_string"}}],"inLanguage":"en-GB"},{"@type":"Organization","@id":"https:\/\/ru.law\/#organization","name":"Rogert &amp; Ulbrich Law Firm","url":"https:\/\/ru.law\/","logo":{"@type":"ImageObject","inLanguage":"en-GB","@id":"https:\/\/ru.law\/#\/schema\/logo\/image\/","url":"https:\/\/ru.law\/wp-content\/uploads\/2020\/12\/logo-ru-law.svg","contentUrl":"https:\/\/ru.law\/wp-content\/uploads\/2020\/12\/logo-ru-law.svg","width":992,"height":259,"caption":"Kanzlei Rogert & Ulbrich"},"image":{"@id":"https:\/\/ru.law\/#\/schema\/logo\/image\/"},"sameAs":["https:\/\/www.facebook.com\/RogertUlbrich\/","https:\/\/x.com\/RogertUlbrich","https:\/\/www.instagram.com\/rogertulbrich\/","https:\/\/www.linkedin.com\/company\/rogert-ulbrich\/","https:\/\/www.youtube.com\/channel\/UCganCgpvwpPFqMFf1vVmG2A"]}]}},"uagb_featured_image_src":{"full":false,"thumbnail":false,"medium":false,"medium_large":false,"large":false,"1536x1536":false,"2048x2048":false,"trp-custom-language-flag":false},"uagb_author_info":{"display_name":"Stefan Selge","author_link":"https:\/\/ru.law\/en\/author\/selge\/"},"uagb_comment_info":0,"uagb_excerpt":null,"_links":{"self":[{"href":"https:\/\/ru.law\/en\/wp-json\/wp\/v2\/pages\/25648","targetHints":{"allow":["GET"]}}],"collection":[{"href":"https:\/\/ru.law\/en\/wp-json\/wp\/v2\/pages"}],"about":[{"href":"https:\/\/ru.law\/en\/wp-json\/wp\/v2\/types\/page"}],"author":[{"embeddable":true,"href":"https:\/\/ru.law\/en\/wp-json\/wp\/v2\/users\/2"}],"replies":[{"embeddable":true,"href":"https:\/\/ru.law\/en\/wp-json\/wp\/v2\/comments?post=25648"}],"version-history":[{"count":0,"href":"https:\/\/ru.law\/en\/wp-json\/wp\/v2\/pages\/25648\/revisions"}],"up":[{"embeddable":true,"href":"https:\/\/ru.law\/en\/wp-json\/wp\/v2\/pages\/25047"}],"wp:attachment":[{"href":"https:\/\/ru.law\/en\/wp-json\/wp\/v2\/media?parent=25648"}],"curies":[{"name":"wp","href":"https:\/\/api.w.org\/{rel}","templated":true}]}}